{"id":180090,"date":"2021-10-15T16:31:36","date_gmt":"2021-10-15T19:31:36","guid":{"rendered":"https:\/\/publicacoes.estadao.com.br\/guia-da-faculdade\/?page_id=180090"},"modified":"2021-10-24T10:53:09","modified_gmt":"2021-10-24T13:53:09","slug":"entenda-as-informacoes-2021","status":"publish","type":"page","link":"https:\/\/publicacoes.estadao.com.br\/guia-da-faculdade-2021\/entenda-as-informacoes-2021\/","title":{"rendered":"Entenda as informa\u00e7\u00f5es"},"content":{"rendered":"<h2><strong>Estrelas<\/strong><\/h2>\n<p>Resultado ou status do curso na avalia\u00e7\u00e3o. Os conceitos podem ser:<\/p>\n<table width=\"100%\">\n<tbody>\n<tr>\n<td width=\"\"><img loading=\"lazy\" decoding=\"async\" class=\"alignnone size-full wp-image-115246\" src=\"https:\/\/publicacoes.estadao.com.br\/guia-da-faculdade\/wp-content\/uploads\/2020\/10\/estrelas-5.png\" alt=\"\" width=\"140\" height=\"28\" \/><\/td>\n<td width=\"\"><strong>5 estrelas:<\/strong> excelente<\/td>\n<\/tr>\n<tr>\n<td width=\"\"><img loading=\"lazy\" decoding=\"async\" class=\"alignnone size-full wp-image-115245\" src=\"https:\/\/publicacoes.estadao.com.br\/guia-da-faculdade\/wp-content\/uploads\/2020\/10\/estrelas-4.png\" alt=\"\" width=\"118\" height=\"30\" \/><\/td>\n<td width=\"\"><strong>4 estrelas:<\/strong> muito bom<\/td>\n<\/tr>\n<tr>\n<td width=\"\"><img loading=\"lazy\" decoding=\"async\" class=\"alignnone size-full wp-image-115244\" src=\"https:\/\/publicacoes.estadao.com.br\/guia-da-faculdade\/wp-content\/uploads\/2020\/10\/estrelas-3.png\" alt=\"\" width=\"90\" height=\"29\" \/><\/td>\n<td width=\"\"><strong>3 estrelas:<\/strong> bom<\/td>\n<\/tr>\n<tr>\n<td width=\"\"><img loading=\"lazy\" decoding=\"async\" class=\"alignnone size-full wp-image-115263\" src=\"https:\/\/publicacoes.estadao.com.br\/guia-da-faculdade\/wp-content\/uploads\/2020\/10\/sem_notas_g.png\" alt=\"\" width=\"30\" height=\"30\" \/><\/td>\n<td width=\"\"><strong>N\u00e3o estrelado:<\/strong> curso que n\u00e3o atingiu pelo menos 3 estrelas<\/td>\n<\/tr>\n<tr>\n<td width=\"\"><img loading=\"lazy\" decoding=\"async\" class=\"alignnone size-full wp-image-115262\" src=\"https:\/\/publicacoes.estadao.com.br\/guia-da-faculdade\/wp-content\/uploads\/2020\/10\/n_estrelado_g.png\" alt=\"\" width=\"29\" height=\"29\" \/><\/td>\n<td width=\"\"><strong>Sem notas:<\/strong> curso sem o n\u00ba m\u00ednimo de notas para receber uma avalia\u00e7\u00e3o em 2021<\/td>\n<\/tr>\n<tr>\n<td width=\"\"><img loading=\"lazy\" decoding=\"async\" class=\"alignnone size-full wp-image-115261\" src=\"https:\/\/publicacoes.estadao.com.br\/guia-da-faculdade\/wp-content\/uploads\/2020\/10\/n_avaliado_g.png\" alt=\"\" width=\"25\" height=\"25\" \/><\/td>\n<td width=\"\"><strong>N\u00e3o avaliado:<\/strong> curso que n\u00e3o atende aos crit\u00e9rios para ser avaliado<\/td>\n<\/tr>\n<\/tbody>\n<\/table>\n<h2><strong>IES<\/strong><\/h2>\n<p>Aqui aparece o nome da institui\u00e7\u00e3o de ensino superior que oferece o curso<\/p>\n<p><strong>\u00a0<\/strong><\/p>\n<h2><strong>Nome\/Curso<\/strong><\/h2>\n<p>Nome original do curso, como ele \u00e9 chamado dentro da institui\u00e7\u00e3o que o oferece. Exemplo: \u201cMatem\u00e1tica Aplicada a Neg\u00f3cios\u201d<\/p>\n<p><strong>\u00a0<\/strong><\/p>\n<h2><strong>Verbete<\/strong><\/h2>\n<p>Nome do curso padronizado, que une tipos de gradua\u00e7\u00f5es semelhantes em todo o Pa\u00eds. Seguindo o exemplo acima, o verbete do curso seria \u201cMatem\u00e1tica\u201d<\/p>\n<p><em>\u00a0<\/em><\/p>\n<h2><strong>Titula\u00e7\u00e3o<\/strong><\/h2>\n<p>Tipo de titula\u00e7\u00e3o que o curso oferece. Pode ser:<\/p>\n<p>&#8211; Bacharelado<\/p>\n<p>&#8211; Licenciatura<\/p>\n<p>&#8211; Tecnol\u00f3gico<\/p>\n<p>&#8211; Bacharelado e Licenciatura<\/p>\n<p>&#8211; Bacharelado Interdisciplinar<\/p>\n<p>&#8211; Licenciatura Interdisciplinar<\/p>\n<p>&nbsp;<\/p>\n<h2><strong>C<\/strong><strong>\u00e2mpus<\/strong><\/h2>\n<p>Unidade da institui\u00e7\u00e3o na qual o curso \u00e9 oferecido<\/p>\n<p>&nbsp;<\/p>\n<h2><strong>Categoria<\/strong><\/h2>\n<p>Categoria administrativa da institui\u00e7\u00e3o (p\u00fablica ou privada)<\/p>\n<p>&nbsp;<\/p>\n<h2><strong>Dura\u00e7\u00e3o<\/strong><\/h2>\n<p>Tempo de dura\u00e7\u00e3o do curso. A sigla \u201cn\/i\u201d indica \u201cn\u00e3o informado\u201d pela institui\u00e7\u00e3o<\/p>\n","protected":false},"excerpt":{"rendered":"<p>Estrelas Resultado ou status do curso na avalia\u00e7\u00e3o. Os conceitos podem ser: 5 estrelas: excelente 4 estrelas: muito bom 3 estrelas: bom N\u00e3o estrelado: curso que n\u00e3o atingiu pelo menos 3 estrelas Sem notas: curso sem o n\u00ba m\u00ednimo de notas para receber uma avalia\u00e7\u00e3o em 2021 N\u00e3o avaliado: curso que n\u00e3o atende aos crit\u00e9rios &hellip; <a href=\"https:\/\/publicacoes.estadao.com.br\/guia-da-faculdade-2021\/entenda-as-informacoes-2021\/\">Continued<\/a><\/p>\n","protected":false},"author":5,"featured_media":0,"parent":0,"menu_order":0,"comment_status":"closed","ping_status":"closed","template":"template-entenda-as-informacoes-2021.php","meta":{"footnotes":""},"class_list":["post-180090","page","type-page","status-publish","hentry"],"_links":{"self":[{"href":"https:\/\/publicacoes.estadao.com.br\/guia-da-faculdade-2021\/wp-json\/wp\/v2\/pages\/180090","targetHints":{"allow":["GET"]}}],"collection":[{"href":"https:\/\/publicacoes.estadao.com.br\/guia-da-faculdade-2021\/wp-json\/wp\/v2\/pages"}],"about":[{"href":"https:\/\/publicacoes.estadao.com.br\/guia-da-faculdade-2021\/wp-json\/wp\/v2\/types\/page"}],"author":[{"embeddable":true,"href":"https:\/\/publicacoes.estadao.com.br\/guia-da-faculdade-2021\/wp-json\/wp\/v2\/users\/5"}],"replies":[{"embeddable":true,"href":"https:\/\/publicacoes.estadao.com.br\/guia-da-faculdade-2021\/wp-json\/wp\/v2\/comments?post=180090"}],"version-history":[{"count":9,"href":"https:\/\/publicacoes.estadao.com.br\/guia-da-faculdade-2021\/wp-json\/wp\/v2\/pages\/180090\/revisions"}],"predecessor-version":[{"id":180234,"href":"https:\/\/publicacoes.estadao.com.br\/guia-da-faculdade-2021\/wp-json\/wp\/v2\/pages\/180090\/revisions\/180234"}],"wp:attachment":[{"href":"https:\/\/publicacoes.estadao.com.br\/guia-da-faculdade-2021\/wp-json\/wp\/v2\/media?parent=180090"}],"curies":[{"name":"wp","href":"https:\/\/api.w.org\/{rel}","templated":true}]}}