{"id":180085,"date":"2021-10-15T16:23:40","date_gmt":"2021-10-15T19:23:40","guid":{"rendered":"https:\/\/publicacoes.estadao.com.br\/guia-da-faculdade\/?page_id=180085"},"modified":"2021-10-24T10:51:35","modified_gmt":"2021-10-24T13:51:35","slug":"como-e-feita-2021","status":"publish","type":"page","link":"https:\/\/publicacoes.estadao.com.br\/guia-da-faculdade-2021\/como-e-feita-2021\/","title":{"rendered":"Como \u00e9 feita"},"content":{"rendered":"<h2><strong>PARTICIPA\u00c7\u00c3O DAS INSTITUI\u00c7\u00d5ES<\/strong><\/h2>\n<ul>\n<li>Todas as institui\u00e7\u00f5es de ensino superior cadastradas no Minist\u00e9rio da Educa\u00e7\u00e3o<\/li>\n<\/ul>\n<p>(universidades, centros universit\u00e1rios, faculdades e institutos) s\u00e3o convidadas para fazer parte do <strong>Guia da Faculdade<\/strong><\/p>\n<ul>\n<li>Ap\u00f3s se cadastrarem para participar da avalia\u00e7\u00e3o, as institui\u00e7\u00f5es indicam todos os cursos superiores que est\u00e3o recebendo novos alunos<\/li>\n<\/ul>\n<h2><strong><br \/>\nCURSOS AVALIADOS<\/strong><\/h2>\n<ul>\n<li>Tanto os cursos da modalidade presencial como os da modalidade a dist\u00e2ncia s\u00e3o avaliados. Mas n\u00e3o s\u00e3o todas as gradua\u00e7\u00f5es que entram no processo de avalia\u00e7\u00e3o. Para serem analisadas, elas precisam atender aos seguintes crit\u00e9rios:\n<ul>\n<li>Ter a titula\u00e7\u00e3o de Bacharelado ou Licenciatura<\/li>\n<li>Ter ao menos uma primeira turma com alunos j\u00e1 formados<\/li>\n<\/ul>\n<\/li>\n<li>O <strong>Guia da Faculdade<\/strong> avalia os cursos de acordo com as cidades nas quais eles s\u00e3o oferecidos. Se a mesma institui\u00e7\u00e3o de ensino oferece o curso de Administra\u00e7\u00e3o em v\u00e1rias cidades, cada um deles recebe uma nota espec\u00edfica. Caso a institui\u00e7\u00e3o ofere\u00e7a o mesmo curso em diferentes unidades em uma mesma cidade, apenas o curso mais antigo da institui\u00e7\u00e3o naquela cidade \u00e9 avaliado<\/li>\n<\/ul>\n<h2><strong><br \/>\nINFORMA\u00c7\u00d5ES UTILIZADAS<\/strong><\/h2>\n<ul>\n<li>O coordenador de cada curso que ser\u00e1 avaliado recebe um question\u00e1rio no qual pode apresentar as principais caracter\u00edsticas da sua gradua\u00e7\u00e3o, com foco em tr\u00eas aspectos:<br \/>\n<!--\n\n\n<ul>\n \t\n\n<li>Projeto pedag\u00f3gico \u2013 caracter\u00edsticas da proposta de ensino do curso<\/li>\n\n\n \t\n\n<li>Corpo docente \u2013 perfil dos professores vinculados ao curso<\/li>\n\n\n \t\n\n<li>Infraestrutura \u2013 condi\u00e7\u00f5es de materiais e equipamentos oferecidos<\/li>\n\n\n<\/ul>\n\n\n--><br \/>\n<div id='gallery-1' class='gallery galleryid-180085 gallery-columns-3 gallery-size-full'><figure class='gallery-item'>\n\t\t\t<div class='gallery-icon landscape'>\n\t\t\t\t<a href='https:\/\/publicacoes.estadao.com.br\/guia-da-faculdade-2021\/guiadafaculdade_infos_pp\/'><img loading=\"lazy\" decoding=\"async\" width=\"176\" height=\"176\" src=\"https:\/\/publicacoes.estadao.com.br\/guia-da-faculdade-2021\/wp-content\/uploads\/2020\/10\/GuiadaFaculdade_infos_PP.jpg\" class=\"attachment-full size-full\" alt=\"\" aria-describedby=\"gallery-1-115215\" srcset=\"https:\/\/publicacoes.estadao.com.br\/guia-da-faculdade-2021\/wp-content\/uploads\/2020\/10\/GuiadaFaculdade_infos_PP.jpg 176w, https:\/\/publicacoes.estadao.com.br\/guia-da-faculdade-2021\/wp-content\/uploads\/2020\/10\/GuiadaFaculdade_infos_PP-150x150.jpg 150w\" sizes=\"auto, (max-width: 176px) 100vw, 176px\" \/><\/a>\n\t\t\t<\/div>\n\t\t\t\t<figcaption class='wp-caption-text gallery-caption' id='gallery-1-115215'>\n\t\t\t\tCaracter\u00edsticas da proposta de ensino do curso\n\t\t\t\t<\/figcaption><\/figure><figure class='gallery-item'>\n\t\t\t<div class='gallery-icon landscape'>\n\t\t\t\t<a href='https:\/\/publicacoes.estadao.com.br\/guia-da-faculdade-2021\/guiadafaculdade_infos_cd\/'><img loading=\"lazy\" decoding=\"async\" width=\"176\" height=\"176\" src=\"https:\/\/publicacoes.estadao.com.br\/guia-da-faculdade-2021\/wp-content\/uploads\/2020\/10\/GuiadaFaculdade_infos_CD.jpg\" class=\"attachment-full size-full\" alt=\"\" aria-describedby=\"gallery-1-115211\" srcset=\"https:\/\/publicacoes.estadao.com.br\/guia-da-faculdade-2021\/wp-content\/uploads\/2020\/10\/GuiadaFaculdade_infos_CD.jpg 176w, https:\/\/publicacoes.estadao.com.br\/guia-da-faculdade-2021\/wp-content\/uploads\/2020\/10\/GuiadaFaculdade_infos_CD-150x150.jpg 150w\" sizes=\"auto, (max-width: 176px) 100vw, 176px\" \/><\/a>\n\t\t\t<\/div>\n\t\t\t\t<figcaption class='wp-caption-text gallery-caption' id='gallery-1-115211'>\n\t\t\t\tPerfil dos professores vinculados ao curso\n\t\t\t\t<\/figcaption><\/figure><figure class='gallery-item'>\n\t\t\t<div class='gallery-icon landscape'>\n\t\t\t\t<a href='https:\/\/publicacoes.estadao.com.br\/guia-da-faculdade-2021\/guiadafaculdade_infos_infra\/'><img loading=\"lazy\" decoding=\"async\" width=\"176\" height=\"176\" src=\"https:\/\/publicacoes.estadao.com.br\/guia-da-faculdade-2021\/wp-content\/uploads\/2020\/10\/GuiadaFaculdade_infos_Infra.jpg\" class=\"attachment-full size-full\" alt=\"\" aria-describedby=\"gallery-1-115213\" srcset=\"https:\/\/publicacoes.estadao.com.br\/guia-da-faculdade-2021\/wp-content\/uploads\/2020\/10\/GuiadaFaculdade_infos_Infra.jpg 176w, https:\/\/publicacoes.estadao.com.br\/guia-da-faculdade-2021\/wp-content\/uploads\/2020\/10\/GuiadaFaculdade_infos_Infra-150x150.jpg 150w\" sizes=\"auto, (max-width: 176px) 100vw, 176px\" \/><\/a>\n\t\t\t<\/div>\n\t\t\t\t<figcaption class='wp-caption-text gallery-caption' id='gallery-1-115213'>\n\t\t\t\tCondi\u00e7\u00f5es de materiais e equipamentos oferecidos\n\t\t\t\t<\/figcaption><\/figure>\n\t\t<\/div>\n<\/li>\n<\/ul>\n<ul>\n<li>Existem modelos diferentes de question\u00e1rios para os cursos presenciais e para os cursos a dist\u00e2ncia. Esses question\u00e1rios servem de base para os avaliadores darem suas notas para os cursos<\/li>\n<\/ul>\n<h2><strong><br \/>\nAVALIADORES E NOTAS<\/strong><\/h2>\n<ul>\n<li>S\u00e3o mais de 9 mil coordenadores e professores do ensino superior brasileiro que se cadastraram para atuar como avaliadores do <strong>Guia da Faculdade<\/strong>. \u00c9 um trabalho volunt\u00e1rio, sem remunera\u00e7\u00e3o<\/li>\n<li>Os avaliadores s\u00e3o acionados para dar notas aos cursos das suas \u00e1reas de forma\u00e7\u00e3o e de institui\u00e7\u00f5es prioritariamente localizadas na mesma regi\u00e3o do Pa\u00eds na qual trabalham<\/li>\n<li>Eles s\u00e3o convidados a dar tr\u00eas notas (de 1 a 5) para cada curso:\n<ul>\n<li>Para a qualidade do projeto pedag\u00f3gico<\/li>\n<li>Para a qualidade do corpo docente<\/li>\n<li>Para a qualidade da infraestrutura<\/li>\n<\/ul>\n<\/li>\n<li>Cada curso \u00e9 distribu\u00eddo para a avalia\u00e7\u00e3o de seis professores<\/li>\n<li>Caso um curso n\u00e3o receba pelo menos quatro notas dos avaliadores, ele \u00e9 considerado como \u201csem nota\u201d na avalia\u00e7\u00e3o<\/li>\n<\/ul>\n<h2><strong><br \/>\nRESULTADO FINAL <\/strong><\/h2>\n<ul>\n<li>A maior e a menor notas recebidas por cada curso s\u00e3o descartadas. O resultado num\u00e9rico do curso em 2021 \u00e9 a m\u00e9dia das notas intermedi\u00e1rias restantes<\/li>\n<li>O resultado num\u00e9rico de 2021 (com peso 3) \u00e9 somado ao resultado num\u00e9rico de 2020 (peso 2) e ao resultado de 2019 (peso 1) para se extrair o resultado num\u00e9rico final de cada curso. Se um curso n\u00e3o foi avaliado em um dos anos anteriores, esse ano \u00e9 desconsiderado da sua m\u00e9dia final<\/li>\n<li>O resultado num\u00e9rico final \u00e9 transformado em estrelas de acordo com as seguintes faixas de convers\u00e3o:<\/li>\n<li>entre 5 e 4,50 \u2013 5 estrelas<\/li>\n<li>menor que 4,50 a 3,50 \u2013 4 estrelas<\/li>\n<li>menor que 3,50 a 2,50 \u2013 3 estrelas<\/li>\n<li>menor que 2,50 \u2013 n\u00e3o estrelado<\/li>\n<li>Um curso s\u00f3 pode ganhar ou perder 1 estrela de um ano para o outro da avalia\u00e7\u00e3o<\/li>\n<li>Ao final da avalia\u00e7\u00e3o, os cursos s\u00e3o apresentados de acordo com os seguintes conceitos:<\/li>\n<\/ul>\n<ul class=\"conceitos\">\n<li><img loading=\"lazy\" decoding=\"async\" class=\"alignnone size-full wp-image-115246\" src=\"https:\/\/publicacoes.estadao.com.br\/guia-da-faculdade\/wp-content\/uploads\/2020\/10\/estrelas-5.png\" alt=\"\" width=\"140\" height=\"28\" \/><br \/>\n5 estrelas<br \/>\n(excelente)<\/li>\n<li><img loading=\"lazy\" decoding=\"async\" class=\"alignnone size-full wp-image-115245\" src=\"https:\/\/publicacoes.estadao.com.br\/guia-da-faculdade\/wp-content\/uploads\/2020\/10\/estrelas-4.png\" alt=\"\" width=\"118\" height=\"30\" \/><br \/>\n4 estrelas<br \/>\n(muito bom)<\/li>\n<li><img loading=\"lazy\" decoding=\"async\" class=\"alignnone size-full wp-image-115244\" src=\"https:\/\/publicacoes.estadao.com.br\/guia-da-faculdade\/wp-content\/uploads\/2020\/10\/estrelas-3.png\" alt=\"\" width=\"90\" height=\"29\" \/><br \/>\n3 estrelas<br \/>\n(bom)<\/li>\n<li><img loading=\"lazy\" decoding=\"async\" class=\"alignnone wp-image-115263 size-full\" src=\"https:\/\/publicacoes.estadao.com.br\/guia-da-faculdade\/wp-content\/uploads\/2020\/10\/sem_notas_g.png\" alt=\"\" width=\"30\" height=\"30\" \/><br \/>\nN\u00e3o estrelado<\/li>\n<li><img loading=\"lazy\" decoding=\"async\" class=\"alignnone wp-image-115261 size-full\" src=\"https:\/\/publicacoes.estadao.com.br\/guia-da-faculdade\/wp-content\/uploads\/2020\/10\/n_avaliado_g.png\" alt=\"\" width=\"25\" height=\"25\" \/><br \/>\nSem notas<\/li>\n<\/ul>\n<h2><strong><br \/>\nPARCERIA ESTAD\u00c3O \/ QUERO EDUCA\u00c7\u00c3O<\/strong><\/h2>\n<p>O <strong>Guia da Faculdade <\/strong>nasceu de uma parceria, fechada no final de 2018, entre o <strong>Estad\u00e3o<\/strong> e uma das principais startups da \u00e1rea educacional do Pa\u00eds, a <a href=\"https:\/\/quero.education\/\">Quero Educa\u00e7\u00e3o<\/a>, empresa com sede em S\u00e3o Jos\u00e9 dos Campos (SP).<\/p>\n<p>No projeto do <strong>Guia<\/strong>, coube \u00e0 equipe da Quero Educa\u00e7\u00e3o a montagem de todo o processo da avalia\u00e7\u00e3o de cursos, incluindo a defini\u00e7\u00e3o da metodologia utilizada, coleta de informa\u00e7\u00f5es das institui\u00e7\u00f5es de ensino, montagem do banco de avaliadores e tabula\u00e7\u00e3o dos dados obtidos.<\/p>\n<p>Os resultados finais da avalia\u00e7\u00e3o s\u00e3o divulgados com exclusividade pelo <strong>Estad\u00e3o<\/strong> em suas diversas plataformas.<\/p>\n<h2><strong><br \/>\nEQUIPE RESPONS\u00c1VEL<\/strong><\/h2>\n<p><strong>L\u00edder do projeto<\/strong><\/p>\n<p>Fabio Volpe<\/p>\n<p><strong>Pesquisadores seniores<\/strong><\/p>\n<p>Cesar Gibelato e Felipe Pedreira<\/p>\n<p><strong>Pesquisadores<\/strong><\/p>\n<p>Aline Rocha, Erik Ferreira, Jo\u00e3o Vitor Marcondes, Maiara Lobo e Vict\u00f3ria Pereira<\/p>\n<p><strong>Rep\u00f3rteres<\/strong><\/p>\n<p>Giovana Mur\u00e7a, Isabela Giordan, Nat\u00e1lia Plascak Jorge e Thales Valeriani<\/p>\n","protected":false},"excerpt":{"rendered":"<p>PARTICIPA\u00c7\u00c3O DAS INSTITUI\u00c7\u00d5ES Todas as institui\u00e7\u00f5es de ensino superior cadastradas no Minist\u00e9rio da Educa\u00e7\u00e3o (universidades, centros universit\u00e1rios, faculdades e institutos) s\u00e3o convidadas para fazer parte do Guia da Faculdade Ap\u00f3s se cadastrarem para participar da avalia\u00e7\u00e3o, as institui\u00e7\u00f5es indicam todos os cursos superiores que est\u00e3o recebendo novos alunos CURSOS AVALIADOS Tanto os cursos da modalidade &hellip; <a href=\"https:\/\/publicacoes.estadao.com.br\/guia-da-faculdade-2021\/como-e-feita-2021\/\">Continued<\/a><\/p>\n","protected":false},"author":5,"featured_media":0,"parent":0,"menu_order":0,"comment_status":"closed","ping_status":"closed","template":"template-como-e-feita-2021.php","meta":{"footnotes":""},"class_list":["post-180085","page","type-page","status-publish","hentry"],"_links":{"self":[{"href":"https:\/\/publicacoes.estadao.com.br\/guia-da-faculdade-2021\/wp-json\/wp\/v2\/pages\/180085","targetHints":{"allow":["GET"]}}],"collection":[{"href":"https:\/\/publicacoes.estadao.com.br\/guia-da-faculdade-2021\/wp-json\/wp\/v2\/pages"}],"about":[{"href":"https:\/\/publicacoes.estadao.com.br\/guia-da-faculdade-2021\/wp-json\/wp\/v2\/types\/page"}],"author":[{"embeddable":true,"href":"https:\/\/publicacoes.estadao.com.br\/guia-da-faculdade-2021\/wp-json\/wp\/v2\/users\/5"}],"replies":[{"embeddable":true,"href":"https:\/\/publicacoes.estadao.com.br\/guia-da-faculdade-2021\/wp-json\/wp\/v2\/comments?post=180085"}],"version-history":[{"count":10,"href":"https:\/\/publicacoes.estadao.com.br\/guia-da-faculdade-2021\/wp-json\/wp\/v2\/pages\/180085\/revisions"}],"predecessor-version":[{"id":180228,"href":"https:\/\/publicacoes.estadao.com.br\/guia-da-faculdade-2021\/wp-json\/wp\/v2\/pages\/180085\/revisions\/180228"}],"wp:attachment":[{"href":"https:\/\/publicacoes.estadao.com.br\/guia-da-faculdade-2021\/wp-json\/wp\/v2\/media?parent=180085"}],"curies":[{"name":"wp","href":"https:\/\/api.w.org\/{rel}","templated":true}]}}