{"id":17746,"date":"2022-11-16T11:38:56","date_gmt":"2022-11-16T14:38:56","guid":{"rendered":"https:\/\/publicacoes.estadao.com.br\/financasmais\/?page_id=17746"},"modified":"2023-10-11T14:55:06","modified_gmt":"2023-10-11T17:55:06","slug":"premio-estadao-financas-mais","status":"publish","type":"page","link":"https:\/\/publicacoes.estadao.com.br\/financasmais2023\/premio-estadao-financas-mais\/","title":{"rendered":"Pr\u00eamio Estad\u00e3o Finan\u00e7as Mais"},"content":{"rendered":"","protected":false},"excerpt":{"rendered":"","protected":false},"author":8,"featured_media":0,"parent":0,"menu_order":0,"comment_status":"closed","ping_status":"closed","template":"template-premio-estadao-financas-mais-2022.php","meta":{"_acf_changed":false,"footnotes":""},"class_list":["post-17746","page","type-page","status-publish","hentry"],"acf":[],"_links":{"self":[{"href":"https:\/\/publicacoes.estadao.com.br\/financasmais2023\/wp-json\/wp\/v2\/pages\/17746","targetHints":{"allow":["GET"]}}],"collection":[{"href":"https:\/\/publicacoes.estadao.com.br\/financasmais2023\/wp-json\/wp\/v2\/pages"}],"about":[{"href":"https:\/\/publicacoes.estadao.com.br\/financasmais2023\/wp-json\/wp\/v2\/types\/page"}],"author":[{"embeddable":true,"href":"https:\/\/publicacoes.estadao.com.br\/financasmais2023\/wp-json\/wp\/v2\/users\/8"}],"replies":[{"embeddable":true,"href":"https:\/\/publicacoes.estadao.com.br\/financasmais2023\/wp-json\/wp\/v2\/comments?post=17746"}],"version-history":[{"count":3,"href":"https:\/\/publicacoes.estadao.com.br\/financasmais2023\/wp-json\/wp\/v2\/pages\/17746\/revisions"}],"predecessor-version":[{"id":19539,"href":"https:\/\/publicacoes.estadao.com.br\/financasmais2023\/wp-json\/wp\/v2\/pages\/17746\/revisions\/19539"}],"wp:attachment":[{"href":"https:\/\/publicacoes.estadao.com.br\/financasmais2023\/wp-json\/wp\/v2\/media?parent=17746"}],"curies":[{"name":"wp","href":"https:\/\/api.w.org\/{rel}","templated":true}]}}