{"id":166,"date":"2019-06-27T18:06:20","date_gmt":"2019-06-27T21:06:20","guid":{"rendered":"https:\/\/publicacoes.estadao.com.br\/financasmais2019\/?page_id=166"},"modified":"2020-10-29T20:23:32","modified_gmt":"2020-10-29T23:23:32","slug":"metodologia","status":"publish","type":"page","link":"https:\/\/publicacoes.estadao.com.br\/financasmais2020\/metodologia\/","title":{"rendered":"Metodologia"},"content":{"rendered":"<h2>Bancos<\/h2>\n<p>Os bancos s\u00e3o divididos em cinco grupos, de acordo com o nicho de atua\u00e7\u00e3o: Atacado, Financiamento, Middle Market, Montadoras e Grupos, e Varejo. <strong>Tr\u00eas pilares s\u00e3o mensurados:<\/strong> crescimento, lideran\u00e7a de mercado e desempenho. O crescimento \u00e9 avaliado com base na evolu\u00e7\u00e3o dos n\u00fameros de maior relev\u00e2ncia no balan\u00e7o patrimonial das institui\u00e7\u00f5es \u2013 carteira de cr\u00e9dito, ativos, patrim\u00f4nio l\u00edquido, receita de cr\u00e9dito e receita de servi\u00e7os. A lideran\u00e7a de mercado \u00e9 definida pela rela\u00e7\u00e3o do total de ativos da institui\u00e7\u00e3o com o total de ativos do segmento, enquanto o desempenho \u00e9 estabelecido a partir de indicadores relacionados a solidez, qualidade do ativo, rentabilidade e custo.<\/p>\n<h2>Seguradoras<\/h2>\n<p>No caso das seguradoras, as empresas s\u00e3o agrupadas em seis categorias: seguros gerais, auto, patrimonial, servi\u00e7os financeiros, sa\u00fade, e vida e previd\u00eancia. <strong>Tr\u00eas crit\u00e9rios s\u00e3o avaliados inicialmente:<\/strong> pr\u00eamios emitidos, contribui\u00e7\u00f5es para cobertura de riscos e rendas de contribui\u00e7\u00f5es. Em seguida, com base no balan\u00e7o patrimonial das companhias, s\u00e3o avaliados o volume, o crescimento e o desempenho financeiro de cada grupo. Os crit\u00e9rios nessa an\u00e1lise s\u00e3o o patrim\u00f4nio l\u00edquido, as provis\u00f5es t\u00e9cnicas, as receitas com pr\u00eamios e contribui\u00e7\u00f5es, a estrutura de custos, as margens financeiras e de rentabilidade. Tudo isso resulta na pontua\u00e7\u00e3o que estabelece a ordem dos rankings.<\/p>\n<h2>Outras Categorias<\/h2>\n<p>J\u00e1 as regras para definir as melhores corretoras\/distribuidoras, empresas de leasing e financeiras levam em conta a evolu\u00e7\u00e3o em crescimento, patrim\u00f4nio l\u00edquido e desempenho. A defini\u00e7\u00e3o das melhores empresas de capitaliza\u00e7\u00e3o se baseia na an\u00e1lise de porte e crescimento, lideran\u00e7a de mercado e desempenho. \u201cO sistema financeiro brasileiro vem se desenvolvendo e se fortalecendo h\u00e1 muitos anos. A crise trazida pela pandemia foi uma grande prova de solidez e de maturidade\u201d, observa o economista-chefe da Austin Rating, Alex Agostini. \u201cOs bancos ampliaram cr\u00e9ditos, postergaram financiamentos de pessoas f\u00edsicas, renegociaram contratos, sem que tiv\u00e9ssemos uma institui\u00e7\u00e3o sequer fragilizada.\u201d<\/p>\n","protected":false},"excerpt":{"rendered":"<p>Como s\u00e3o definidas as l\u00edderes de\u00a0Finan\u00e7as Mais<\/p>\n<p>Compreenda os crit\u00e9rios utilizados para determinar as melhores empresas do setor financeiro no Brasil<\/p>\n","protected":false},"author":2,"featured_media":22,"parent":0,"menu_order":0,"comment_status":"closed","ping_status":"closed","template":"page-metodologia.php","meta":{"_acf_changed":false,"footnotes":""},"class_list":["post-166","page","type-page","status-publish","has-post-thumbnail","hentry"],"acf":[],"aioseo_notices":[],"_links":{"self":[{"href":"https:\/\/publicacoes.estadao.com.br\/financasmais2020\/wp-json\/wp\/v2\/pages\/166","targetHints":{"allow":["GET"]}}],"collection":[{"href":"https:\/\/publicacoes.estadao.com.br\/financasmais2020\/wp-json\/wp\/v2\/pages"}],"about":[{"href":"https:\/\/publicacoes.estadao.com.br\/financasmais2020\/wp-json\/wp\/v2\/types\/page"}],"author":[{"embeddable":true,"href":"https:\/\/publicacoes.estadao.com.br\/financasmais2020\/wp-json\/wp\/v2\/users\/2"}],"replies":[{"embeddable":true,"href":"https:\/\/publicacoes.estadao.com.br\/financasmais2020\/wp-json\/wp\/v2\/comments?post=166"}],"version-history":[{"count":9,"href":"https:\/\/publicacoes.estadao.com.br\/financasmais2020\/wp-json\/wp\/v2\/pages\/166\/revisions"}],"predecessor-version":[{"id":15310,"href":"https:\/\/publicacoes.estadao.com.br\/financasmais2020\/wp-json\/wp\/v2\/pages\/166\/revisions\/15310"}],"wp:featuredmedia":[{"embeddable":true,"href":"https:\/\/publicacoes.estadao.com.br\/financasmais2020\/wp-json\/"}],"wp:attachment":[{"href":"https:\/\/publicacoes.estadao.com.br\/financasmais2020\/wp-json\/wp\/v2\/media?parent=166"}],"curies":[{"name":"wp","href":"https:\/\/api.w.org\/{rel}","templated":true}]}}