{"id":22354,"date":"2024-07-15T16:44:27","date_gmt":"2024-07-15T19:44:27","guid":{"rendered":"https:\/\/webapp335056.ip-194-195-223-103.cloudezapp.io\/?page_id=22354"},"modified":"2024-07-15T16:48:27","modified_gmt":"2024-07-15T19:48:27","slug":"faq","status":"publish","type":"page","link":"https:\/\/publicacoes.estadao.com.br\/financasmais\/faq\/","title":{"rendered":"faq"},"content":{"rendered":"<h4>Como a institui\u00e7\u00e3o pode aparecer no ranking?<\/h4>\n<p>Todas as institui\u00e7\u00f5es que publicam balan\u00e7os s\u00e3o avaliadas e o ranking \u00e9 constru\u00eddo a partir das demonstra\u00e7\u00f5es cont\u00e1beis publicadas nos balan\u00e7os de 2023. <\/p>\n<h4>A institui\u00e7\u00e3o deve se inscrever para participar do ranking?<\/h4>\n<p>N\u00e3o h\u00e1 inscri\u00e7\u00e3o. Os dados s\u00e3o coletados automaticamente das demonstra\u00e7\u00f5es cont\u00e1beis dos balan\u00e7os\u00a0publicados em 2023 e o ranking \u00e9 formado pela performance, considerando <strong>crescimento, lideran\u00e7a de mercado e desempenho<\/strong>. Os dados s\u00e3o analisados de acordo com metodologia desenvolvida pela Austin Rating, com exclusividade para o Estad\u00e3o Finan\u00e7as Mais.<\/p>\n<h4>Quais tipos de institui\u00e7\u00f5es fazem parte do ranking?<\/h4>\n<p>Institui\u00e7\u00f5es financeiras, bancos e seguradoras.<\/p>\n<h4>H\u00e1 custo para participar do ranking?<\/h4>\n<p>A figura\u00e7\u00e3o no ranking n\u00e3o \u00e9 vendida. Ser\u00e3o contempladas as institui\u00e7\u00f5es que publicaram balan\u00e7os em 2023.<\/p>\n<h4>\u00c9 poss\u00edvel indicar porta-vozes para participar das entrevistas da publica\u00e7\u00e3o?<\/h4>\n<p>A publica\u00e7\u00e3o anual possui pautas de acordo com o tema central\u00a0definido pela Reda\u00e7\u00e3o do\u00a0Estad\u00e3o\u00a0e s\u00e3o selecionados porta-vozes que tenham experi\u00eancias para compartilhar e contribuir para o enriquecimento do conte\u00fado. As indica\u00e7\u00f5es de porta-vozes podem ser enviadas para o e-mail\u00a0publicacoes@estadao.com, com as informa\u00e7\u00f5es: nome, cargo e empresa, minibio e tema a ser explorado.<\/p>\n<h4>Como as empresas podem ter maior visibilidade na publica\u00e7\u00e3o?<\/h4>\n<p>\u00c9 poss\u00edvel atrelar a marca \u00e0 publica\u00e7\u00e3o com oportunidades comerciais que se adaptam \u00e0s estrat\u00e9gias e necessidades de cada institui\u00e7\u00e3o.<\/p>\n<h4>As institui\u00e7\u00f5es podem patrocinar a publica\u00e7\u00e3o?<\/h4>\n<p>Sim, o\u00a0Estad\u00e3o\u00a0possui diferentes modalidades de patroc\u00ednio. Se quiser conhecer as oportunidades, escreva para\u00a0<a href=\"mailto:publicacoes@estadao.com\">publicacoes@estadao.com<\/a><\/p>\n<p>&nbsp; <\/p>\n","protected":false},"excerpt":{"rendered":"<p>Como a institui\u00e7\u00e3o pode aparecer no ranking? Todas as institui\u00e7\u00f5es que publicam balan\u00e7os s\u00e3o avaliadas e o ranking \u00e9 constru\u00eddo a partir das demonstra\u00e7\u00f5es cont\u00e1beis publicadas nos balan\u00e7os de 2023. A institui\u00e7\u00e3o deve se inscrever para participar do ranking? N\u00e3o h\u00e1 inscri\u00e7\u00e3o. Os dados s\u00e3o coletados automaticamente das demonstra\u00e7\u00f5es cont\u00e1beis dos balan\u00e7os\u00a0publicados em 2023 e [&hellip;]<\/p>\n","protected":false},"author":11,"featured_media":0,"parent":0,"menu_order":0,"comment_status":"closed","ping_status":"closed","template":"template-faq.php","meta":{"_acf_changed":false,"footnotes":""},"class_list":["post-22354","page","type-page","status-publish","hentry"],"acf":[],"_links":{"self":[{"href":"https:\/\/publicacoes.estadao.com.br\/financasmais\/wp-json\/wp\/v2\/pages\/22354","targetHints":{"allow":["GET"]}}],"collection":[{"href":"https:\/\/publicacoes.estadao.com.br\/financasmais\/wp-json\/wp\/v2\/pages"}],"about":[{"href":"https:\/\/publicacoes.estadao.com.br\/financasmais\/wp-json\/wp\/v2\/types\/page"}],"author":[{"embeddable":true,"href":"https:\/\/publicacoes.estadao.com.br\/financasmais\/wp-json\/wp\/v2\/users\/11"}],"replies":[{"embeddable":true,"href":"https:\/\/publicacoes.estadao.com.br\/financasmais\/wp-json\/wp\/v2\/comments?post=22354"}],"version-history":[{"count":2,"href":"https:\/\/publicacoes.estadao.com.br\/financasmais\/wp-json\/wp\/v2\/pages\/22354\/revisions"}],"predecessor-version":[{"id":22357,"href":"https:\/\/publicacoes.estadao.com.br\/financasmais\/wp-json\/wp\/v2\/pages\/22354\/revisions\/22357"}],"wp:attachment":[{"href":"https:\/\/publicacoes.estadao.com.br\/financasmais\/wp-json\/wp\/v2\/media?parent=22354"}],"curies":[{"name":"wp","href":"https:\/\/api.w.org\/{rel}","templated":true}]}}