{"id":22352,"date":"2024-07-15T16:43:47","date_gmt":"2024-07-15T19:43:47","guid":{"rendered":"https:\/\/webapp335056.ip-194-195-223-103.cloudezapp.io\/?page_id=22352"},"modified":"2024-12-02T19:25:30","modified_gmt":"2024-12-02T22:25:30","slug":"sobre","status":"publish","type":"page","link":"https:\/\/publicacoes.estadao.com.br\/financasmais\/sobre\/","title":{"rendered":"Sobre"},"content":{"rendered":"<p><strong>Estad\u00e3o Finan\u00e7as Mais<\/strong> \u00e9 o mais completo e relevante ranking de institui\u00e7\u00f5es financeiras do Pa\u00eds, resultado da parceria entre o\u00a0<strong>Estad\u00e3o<\/strong> e a <strong>Austing Rating<\/strong>, reconhecida pela tradi\u00e7\u00e3o e compet\u00eancia na an\u00e1lise do setor financeiro nacional.<\/p>\n<p><strong>A publica\u00e7\u00e3o \u00e9 organizada com base em 15 categorias de atua\u00e7\u00e3o no mercado financeiro e apresenta a performance das empresas em um ranking.<\/strong><\/p>\n<ul>\n<li><strong>BANCOS<br \/>\nVarejo<\/strong><\/li>\n<li><strong>BANCOS<br \/>\nMiddle market<\/strong><\/li>\n<li><strong>BANCOS<br \/>\nFinanciamento<\/strong><\/li>\n<li><strong>BANCOS<br \/>\nAtacado e neg\u00f3cios<\/strong><\/li>\n<li><strong>BANCOS<br \/>\nGrupos e montadoras<\/strong><\/li>\n<li><strong>LEASING<\/strong><\/li>\n<li><strong>FINANCEIRAS<br \/>\nGerais<\/strong><\/li>\n<li><strong>CORRETORAS E DISTRIBUIDORAS<\/strong><\/li>\n<li><strong>CAPITALIZA\u00c7\u00c3O<\/strong><\/li>\n<li><strong>SEGURADORAS<br \/>\nAuto<\/strong><\/li>\n<li><strong>SEGURADORAS<br \/>\nSa\u00fade<\/strong><\/li>\n<li><strong>SEGURADORAS<br \/>\nGerais<\/strong><\/li>\n<li><strong>SEGURADORAS<br \/>\nPatrimonial<\/strong><\/li>\n<li><strong>SEGURADORAS<br \/>\nRiscos financeiros<\/strong><\/li>\n<li><strong>SEGURADORAS<br \/>\nVida e previd\u00eancia<\/strong><\/li>\n<\/ul>\n<p>&nbsp;<\/p>\n","protected":false},"excerpt":{"rendered":"<p>Estad\u00e3o Finan\u00e7as Mais \u00e9 o mais completo e relevante ranking de institui\u00e7\u00f5es financeiras do Pa\u00eds, resultado da parceria entre o\u00a0Estad\u00e3o e a Austing Rating, reconhecida pela tradi\u00e7\u00e3o e compet\u00eancia na an\u00e1lise do setor financeiro nacional. A publica\u00e7\u00e3o \u00e9 organizada com base em 15 categorias de atua\u00e7\u00e3o no mercado financeiro e apresenta a performance das empresas [&hellip;]<\/p>\n","protected":false},"author":11,"featured_media":0,"parent":0,"menu_order":0,"comment_status":"closed","ping_status":"closed","template":"template-sobre.php","meta":{"_acf_changed":false,"footnotes":""},"class_list":["post-22352","page","type-page","status-publish","hentry"],"acf":[],"_links":{"self":[{"href":"https:\/\/publicacoes.estadao.com.br\/financasmais\/wp-json\/wp\/v2\/pages\/22352","targetHints":{"allow":["GET"]}}],"collection":[{"href":"https:\/\/publicacoes.estadao.com.br\/financasmais\/wp-json\/wp\/v2\/pages"}],"about":[{"href":"https:\/\/publicacoes.estadao.com.br\/financasmais\/wp-json\/wp\/v2\/types\/page"}],"author":[{"embeddable":true,"href":"https:\/\/publicacoes.estadao.com.br\/financasmais\/wp-json\/wp\/v2\/users\/11"}],"replies":[{"embeddable":true,"href":"https:\/\/publicacoes.estadao.com.br\/financasmais\/wp-json\/wp\/v2\/comments?post=22352"}],"version-history":[{"count":4,"href":"https:\/\/publicacoes.estadao.com.br\/financasmais\/wp-json\/wp\/v2\/pages\/22352\/revisions"}],"predecessor-version":[{"id":24282,"href":"https:\/\/publicacoes.estadao.com.br\/financasmais\/wp-json\/wp\/v2\/pages\/22352\/revisions\/24282"}],"wp:attachment":[{"href":"https:\/\/publicacoes.estadao.com.br\/financasmais\/wp-json\/wp\/v2\/media?parent=22352"}],"curies":[{"name":"wp","href":"https:\/\/api.w.org\/{rel}","templated":true}]}}