{"id":22350,"date":"2024-07-15T16:43:32","date_gmt":"2024-07-15T19:43:32","guid":{"rendered":"https:\/\/webapp335056.ip-194-195-223-103.cloudezapp.io\/?page_id=22350"},"modified":"2024-07-15T16:48:03","modified_gmt":"2024-07-15T19:48:03","slug":"como-participar","status":"publish","type":"page","link":"https:\/\/publicacoes.estadao.com.br\/financasmais\/como-participar\/","title":{"rendered":"Como participar"},"content":{"rendered":"<p>O Ranking Estad\u00e3o Finan\u00e7as Mais \u00e9 obtido com base em uma verdadeira radiografia das institui\u00e7\u00f5es financeiras, constru\u00eddo a partir das demonstra\u00e7\u00f5es cont\u00e1beis publicadas nos balan\u00e7os de 2023.<\/p>\n<p>Para participar, a institui\u00e7\u00e3o deve ter publicado seu balan\u00e7o em 2023.<\/p>\n<p>&nbsp;<\/p>\n","protected":false},"excerpt":{"rendered":"<p>O Ranking Estad\u00e3o Finan\u00e7as Mais \u00e9 obtido com base em uma verdadeira radiografia das institui\u00e7\u00f5es financeiras, constru\u00eddo a partir das demonstra\u00e7\u00f5es cont\u00e1beis publicadas nos balan\u00e7os de 2023. Para participar, a institui\u00e7\u00e3o deve ter publicado seu balan\u00e7o em 2023. &nbsp;<\/p>\n","protected":false},"author":11,"featured_media":0,"parent":0,"menu_order":0,"comment_status":"closed","ping_status":"closed","template":"template-como-participar.php","meta":{"_acf_changed":false,"footnotes":""},"class_list":["post-22350","page","type-page","status-publish","hentry"],"acf":[],"_links":{"self":[{"href":"https:\/\/publicacoes.estadao.com.br\/financasmais\/wp-json\/wp\/v2\/pages\/22350","targetHints":{"allow":["GET"]}}],"collection":[{"href":"https:\/\/publicacoes.estadao.com.br\/financasmais\/wp-json\/wp\/v2\/pages"}],"about":[{"href":"https:\/\/publicacoes.estadao.com.br\/financasmais\/wp-json\/wp\/v2\/types\/page"}],"author":[{"embeddable":true,"href":"https:\/\/publicacoes.estadao.com.br\/financasmais\/wp-json\/wp\/v2\/users\/11"}],"replies":[{"embeddable":true,"href":"https:\/\/publicacoes.estadao.com.br\/financasmais\/wp-json\/wp\/v2\/comments?post=22350"}],"version-history":[{"count":2,"href":"https:\/\/publicacoes.estadao.com.br\/financasmais\/wp-json\/wp\/v2\/pages\/22350\/revisions"}],"predecessor-version":[{"id":22356,"href":"https:\/\/publicacoes.estadao.com.br\/financasmais\/wp-json\/wp\/v2\/pages\/22350\/revisions\/22356"}],"wp:attachment":[{"href":"https:\/\/publicacoes.estadao.com.br\/financasmais\/wp-json\/wp\/v2\/media?parent=22350"}],"curies":[{"name":"wp","href":"https:\/\/api.w.org\/{rel}","templated":true}]}}