{"id":19219,"date":"2022-11-23T16:15:31","date_gmt":"2022-11-23T19:15:31","guid":{"rendered":"https:\/\/webapp335056.ip-194-195-223-103.cloudezapp.io\/?page_id=19219"},"modified":"2024-07-15T16:48:58","modified_gmt":"2024-07-15T19:48:58","slug":"metodologia","status":"publish","type":"page","link":"https:\/\/publicacoes.estadao.com.br\/financasmais\/metodologia\/","title":{"rendered":"Metodologia"},"content":{"rendered":"<h2>Radiografias Financeiras<\/h2>\n<p>Obtidos com base em uma verdadeira radiografia das institui\u00e7\u00f5es financeiras, os j\u00e1 tradicionais rankings do Estad\u00e3o Finan\u00e7as Mais s\u00e3o constru\u00eddos com base em demonstra\u00e7\u00f5es cont\u00e1beis publicadas nos balan\u00e7os de 2023. <\/p>\n<p>A metodologia foi desenvolvida pela Austin Rating, consultoria reconhecida pela tradi\u00e7\u00e3o e compet\u00eancia na an\u00e1lise do setor financeiro nacional.<\/p>\n<h2><strong>Bancos<\/strong><\/h2>\n<p>Os bancos s\u00e3o divididos em cinco grupos, de acordo com o nicho de atua\u00e7\u00e3o:<br \/>\n<strong>Atacado e neg\u00f3cios;<br \/>\nFinanciamento;<br \/>\nMiddle Market;<br \/>\nGrupos e Montadoras;<br \/>\nVarejo.<\/strong><\/p>\n<p>Tr\u00eas pilares s\u00e3o mensurados: <strong>crescimento, lideran\u00e7a de mercado e desempenho<\/strong>.<br \/>\nO <strong>crescimento<\/strong> \u00e9 avaliado com base na evolu\u00e7\u00e3o dos n\u00fameros de maior relev\u00e2ncia no balan\u00e7o patrimonial das institui\u00e7\u00f5es \u2013 carteira de cr\u00e9dito, ativos, patrim\u00f4nio l\u00edquido, receita de cr\u00e9dito e receita de servi\u00e7os.<br \/>\nA <strong>lideran\u00e7a de mercado<\/strong> \u00e9 definida pela rela\u00e7\u00e3o do total de ativos da institui\u00e7\u00e3o com o total de ativos do segmento, enquanto o <strong>desempenho<\/strong> \u00e9 estabelecido a partir de indicadores relacionados a solidez, qualidade do ativo, rentabilidade e custo.<\/p>\n<h2><strong>Seguradoras<\/strong><\/h2>\n<p>No caso das seguradoras, as empresas s\u00e3o agrupadas em seis categorias:<br \/>\n<strong>Auto;<br \/>\nPatrimonial;<br \/>\nRiscos Financeiros;<br \/>\nSeguros Gerais;<br \/>\nVida e Previd\u00eancia;<br \/>\nSa\u00fade.<\/strong><\/p>\n<p>Tr\u00eas crit\u00e9rios s\u00e3o avaliados inicialmente: <strong>pr\u00eamios emitidos, contribui\u00e7\u00f5es para cobertura de riscos e rendas de contribui\u00e7\u00f5es<\/strong>.<br \/>\nEm seguida, com base no balan\u00e7o patrimonial das companhias, s\u00e3o avaliados o <strong>volume<\/strong>, o <strong>crescimento<\/strong> e o <strong>desempenho financeiro<\/strong> de cada grupo.<br \/>\nOs crit\u00e9rios nessa an\u00e1lise s\u00e3o o patrim\u00f4nio l\u00edquido, as provis\u00f5es t\u00e9cnicas, as receitas com pr\u00eamios e contribui\u00e7\u00f5es, a estrutura de custos, as margens financeiras e de rentabilidade. Tudo isso resulta na pontua\u00e7\u00e3o que estabelece a ordem dos rankings.<\/p>\n<h2><strong>Outras Categorias<\/strong><\/h2>\n<p>J\u00e1 as regras para definir as melhores corretoras\/distribuidoras, empresas de leasing e financeiras levam em conta a evolu\u00e7\u00e3o em crescimento, patrim\u00f4nio l\u00edquido e desempenho.<br \/>\nA defini\u00e7\u00e3o das melhores empresas de capitaliza\u00e7\u00e3o se baseia na an\u00e1lise de porte e crescimento, lideran\u00e7a de mercado e desempenho.<\/p>\n","protected":false},"excerpt":{"rendered":"<p>Radiografias Financeiras Obtidos com base em uma verdadeira radiografia das institui\u00e7\u00f5es financeiras, os j\u00e1 tradicionais rankings do Estad\u00e3o Finan\u00e7as Mais s\u00e3o constru\u00eddos com base em demonstra\u00e7\u00f5es cont\u00e1beis publicadas nos balan\u00e7os de 2023. A metodologia foi desenvolvida pela Austin Rating, consultoria reconhecida pela tradi\u00e7\u00e3o e compet\u00eancia na an\u00e1lise do setor financeiro nacional. Bancos Os bancos s\u00e3o [&hellip;]<\/p>\n","protected":false},"author":8,"featured_media":0,"parent":0,"menu_order":0,"comment_status":"closed","ping_status":"closed","template":"template-metodologia.php","meta":{"_acf_changed":false,"footnotes":""},"class_list":["post-19219","page","type-page","status-publish","hentry"],"acf":[],"_links":{"self":[{"href":"https:\/\/publicacoes.estadao.com.br\/financasmais\/wp-json\/wp\/v2\/pages\/19219","targetHints":{"allow":["GET"]}}],"collection":[{"href":"https:\/\/publicacoes.estadao.com.br\/financasmais\/wp-json\/wp\/v2\/pages"}],"about":[{"href":"https:\/\/publicacoes.estadao.com.br\/financasmais\/wp-json\/wp\/v2\/types\/page"}],"author":[{"embeddable":true,"href":"https:\/\/publicacoes.estadao.com.br\/financasmais\/wp-json\/wp\/v2\/users\/8"}],"replies":[{"embeddable":true,"href":"https:\/\/publicacoes.estadao.com.br\/financasmais\/wp-json\/wp\/v2\/comments?post=19219"}],"version-history":[{"count":4,"href":"https:\/\/publicacoes.estadao.com.br\/financasmais\/wp-json\/wp\/v2\/pages\/19219\/revisions"}],"predecessor-version":[{"id":22358,"href":"https:\/\/publicacoes.estadao.com.br\/financasmais\/wp-json\/wp\/v2\/pages\/19219\/revisions\/22358"}],"wp:attachment":[{"href":"https:\/\/publicacoes.estadao.com.br\/financasmais\/wp-json\/wp\/v2\/media?parent=19219"}],"curies":[{"name":"wp","href":"https:\/\/api.w.org\/{rel}","templated":true}]}}