{"id":57085,"date":"2021-12-14T16:48:07","date_gmt":"2021-12-14T19:48:07","guid":{"rendered":"https:\/\/publicacoes.estadao.com.br\/empresasmais\/?page_id=57085"},"modified":"2022-12-11T03:35:13","modified_gmt":"2022-12-11T06:35:13","slug":"ranking-sustentabilidade","status":"publish","type":"page","link":"https:\/\/publicacoes.estadao.com.br\/empresasmais2022\/ranking-sustentabilidade\/","title":{"rendered":"Ranking Sustentabilidade"},"content":{"rendered":"<p>Colocar a sustentabilidade como parte do neg\u00f3cio e, com isso, conseguir engajamento em boas pr\u00e1ticas tanto de colaboradores como de fornecedores e consumidores \u00e9 um ponto em comum das empresas que se destacaram nessa categoria especial na edi\u00e7\u00e3o 2022 do Estad\u00e3o Empresas Mais.<\/p>\n","protected":false},"excerpt":{"rendered":"<p>Colocar a sustentabilidade como parte do neg\u00f3cio e, com isso, conseguir engajamento em boas pr\u00e1ticas tanto de colaboradores como de fornecedores e consumidores \u00e9 um ponto em comum das empresas que se destacaram nessa categoria especial na edi\u00e7\u00e3o 2022 do Estad\u00e3o Empresas Mais.<\/p>\n","protected":false},"author":2,"featured_media":0,"parent":0,"menu_order":0,"comment_status":"closed","ping_status":"closed","template":"","meta":{"_acf_changed":false,"footnotes":""},"class_list":["post-57085","page","type-page","status-publish","hentry"],"acf":[],"_links":{"self":[{"href":"https:\/\/publicacoes.estadao.com.br\/empresasmais2022\/wp-json\/wp\/v2\/pages\/57085","targetHints":{"allow":["GET"]}}],"collection":[{"href":"https:\/\/publicacoes.estadao.com.br\/empresasmais2022\/wp-json\/wp\/v2\/pages"}],"about":[{"href":"https:\/\/publicacoes.estadao.com.br\/empresasmais2022\/wp-json\/wp\/v2\/types\/page"}],"author":[{"embeddable":true,"href":"https:\/\/publicacoes.estadao.com.br\/empresasmais2022\/wp-json\/wp\/v2\/users\/2"}],"replies":[{"embeddable":true,"href":"https:\/\/publicacoes.estadao.com.br\/empresasmais2022\/wp-json\/wp\/v2\/comments?post=57085"}],"version-history":[{"count":4,"href":"https:\/\/publicacoes.estadao.com.br\/empresasmais2022\/wp-json\/wp\/v2\/pages\/57085\/revisions"}],"predecessor-version":[{"id":103905,"href":"https:\/\/publicacoes.estadao.com.br\/empresasmais2022\/wp-json\/wp\/v2\/pages\/57085\/revisions\/103905"}],"wp:attachment":[{"href":"https:\/\/publicacoes.estadao.com.br\/empresasmais2022\/wp-json\/wp\/v2\/media?parent=57085"}],"curies":[{"name":"wp","href":"https:\/\/api.w.org\/{rel}","templated":true}]}}