{"id":57079,"date":"2021-12-14T16:47:21","date_gmt":"2021-12-14T19:47:21","guid":{"rendered":"https:\/\/publicacoes.estadao.com.br\/empresasmais\/?page_id=57079"},"modified":"2022-12-11T03:34:39","modified_gmt":"2022-12-11T06:34:39","slug":"ranking-inovacao","status":"publish","type":"page","link":"https:\/\/publicacoes.estadao.com.br\/empresasmais2022\/ranking-inovacao\/","title":{"rendered":"Ranking Inova\u00e7\u00e3o"},"content":{"rendered":"<p>A introdu\u00e7\u00e3o de inova\u00e7\u00f5es tecnol\u00f3gicas no dia a dia dos neg\u00f3cios j\u00e1 foi vista como uma oportunidade para se ganhar efici\u00eancia e, depois, passou a ser utilizada para uma melhor rela\u00e7\u00e3o custo-benef\u00edcio para parceiros, clientes e consumidores das empresas. Agora, os objetivos s\u00e3o mais amplos, como inclus\u00e3o social, equidade e responsabilidade social. Esse \u00e9 um ponto em comum entre os vencedores em 2022 do ranking Estad\u00e3o Empresas Mais da categoria Inova\u00e7\u00e3o.<\/p>\n","protected":false},"excerpt":{"rendered":"<p>A introdu\u00e7\u00e3o de inova\u00e7\u00f5es tecnol\u00f3gicas no dia a dia dos neg\u00f3cios j\u00e1 foi vista como uma oportunidade para se ganhar efici\u00eancia e, depois, passou a ser utilizada para uma melhor rela\u00e7\u00e3o custo-benef\u00edcio para parceiros, clientes e consumidores das empresas. Agora, os objetivos s\u00e3o mais amplos, como inclus\u00e3o social, equidade e responsabilidade social. Esse \u00e9 um [&hellip;]<\/p>\n","protected":false},"author":2,"featured_media":0,"parent":0,"menu_order":0,"comment_status":"closed","ping_status":"closed","template":"","meta":{"_acf_changed":false,"footnotes":""},"class_list":["post-57079","page","type-page","status-publish","hentry"],"acf":[],"_links":{"self":[{"href":"https:\/\/publicacoes.estadao.com.br\/empresasmais2022\/wp-json\/wp\/v2\/pages\/57079","targetHints":{"allow":["GET"]}}],"collection":[{"href":"https:\/\/publicacoes.estadao.com.br\/empresasmais2022\/wp-json\/wp\/v2\/pages"}],"about":[{"href":"https:\/\/publicacoes.estadao.com.br\/empresasmais2022\/wp-json\/wp\/v2\/types\/page"}],"author":[{"embeddable":true,"href":"https:\/\/publicacoes.estadao.com.br\/empresasmais2022\/wp-json\/wp\/v2\/users\/2"}],"replies":[{"embeddable":true,"href":"https:\/\/publicacoes.estadao.com.br\/empresasmais2022\/wp-json\/wp\/v2\/comments?post=57079"}],"version-history":[{"count":5,"href":"https:\/\/publicacoes.estadao.com.br\/empresasmais2022\/wp-json\/wp\/v2\/pages\/57079\/revisions"}],"predecessor-version":[{"id":103904,"href":"https:\/\/publicacoes.estadao.com.br\/empresasmais2022\/wp-json\/wp\/v2\/pages\/57079\/revisions\/103904"}],"wp:attachment":[{"href":"https:\/\/publicacoes.estadao.com.br\/empresasmais2022\/wp-json\/wp\/v2\/media?parent=57079"}],"curies":[{"name":"wp","href":"https:\/\/api.w.org\/{rel}","templated":true}]}}