{"id":53273,"date":"2021-07-08T18:32:10","date_gmt":"2021-07-08T21:32:10","guid":{"rendered":"http:\/\/publicacoes.estadao.com.br\/empresasmais\/?page_id=53273"},"modified":"2023-07-11T10:35:55","modified_gmt":"2023-07-11T13:35:55","slug":"como-participar","status":"publish","type":"page","link":"https:\/\/publicacoes.estadao.com.br\/empresasmais2022\/como-participar\/","title":{"rendered":"Como participar"},"content":{"rendered":"\r\n<h2>\u00a0<\/h2>\r\n<h2>Ranking 1500<\/h2>\r\n<p>Se a empresa possui obriga\u00e7\u00e3o legal de divulga\u00e7\u00e3o de balan\u00e7os, provavelmente j\u00e1 est\u00e1 contemplada no ranking das 1500 maiores companhias do Brasil. Todavia, voc\u00ea pode garantir sua participa\u00e7\u00e3o, enviando (por seguran\u00e7a) o balan\u00e7o patrimonial para o email <a href=\"mailto:empresasmais@austin.com.br\">empresasmais@austin.com.br<\/a>.<\/p>\r\n<p>Caso a companhia <strong>n\u00e3o possua<\/strong> a obriga\u00e7\u00e3o legal de divulgar balan\u00e7os, pode preencher os dados financeiros no <a href=\"https:\/\/publicacoes.estadao.com.br\/empresasmais\/wp-content\/uploads\/2023\/07\/IC-EmpresasMais-2023.doc\" target=\"_blank\" rel=\"noopener\">formul\u00e1rio<\/a> e enviar para o email <a href=\"mailto:empresasmais@austin.com.br\">empresasmais@austin.com.br<\/a>, juntamente com os 4 \u00faltimos balan\u00e7os (2022, 2021, 2020, e 2019) anexados.<\/p>\r\n<p>\u00c9 importante respeitar o prazo final para envio \u2013 <strong>1\u00ba DE AGOSTO DE 2023.<\/strong><\/p>\r\n\r\n\r\n\r\n<h2 class=\"wp-block-heading\">\u00a0<\/h2>\r\n<h2>Melhores Empresas pelo CIE (Coeficiente de Impacto Estad\u00e3o)<\/h2>\r\n<h2>\r\n\r\n<\/h2>\r\n<p>Lista as\u00a0100 empresas do Brasil\u00a0que se destacaram segundo o\u00a0Coeficiente de Impacto Estad\u00e3o\/FIA (CIE).\u00a0O\u00a0\u00edndice \u00e9 resultado do cruzamento de informa\u00e7\u00f5es relativas ao porte e ao desempenho financeiro de cada empresa em seu respectivo setor.<\/p>\r\n<p>Para participar, \u00e9 necess\u00e1rio:<\/p>\r\n<p><a href=\"https:\/\/publicacoes.estadao.com.br\/empresasmais\/wp-content\/uploads\/2023\/07\/IC-EmpresasMais-2023.doc\" target=\"_blank\" rel=\"noopener\">Preencher o formul\u00e1rio<\/a>\u00a0e enviar juntamente com as demonstra\u00e7\u00f5es financeiras\u00a0da empresa relativas aos quatro \u00faltimos per\u00edodos (2022, 2021, 2020, e 2019) para o email\u00a0<a href=\"mailto:empresasmais@austin.com.br\">empresasmais@austin.com.br<\/a><\/p>\r\n<p><strong>*Prazo para preenchimento:\u00a01\u00ba DE AGOSTO DE 2023.<\/strong><\/p>\r\n<p>&nbsp;<\/p>\r\n<h2>Melhores Empresas na pesquisa\u00a0ESG Empresas Mais<\/h2>\r\n<p>Ser\u00e3o avaliadas quatro categorias em um novo modelo de an\u00e1lise de conjunto em que ser\u00e3o destacadas as dez melhores performances e, sem distin\u00e7\u00e3o de ordem, ser\u00e1 premiado um grupo de elite.<\/p>\r\n\r\n\r\n<center>\r\n<p><strong>Melhores Empresas em Inova\u00e7\u00e3o e Tecnologia<\/strong><\/p>\r\n<p><strong>Melhores Empresas em \u00c9tica, Cidadania e Sociedade<\/strong><\/p>\r\n<p><strong>Melhores Empresas em Governan\u00e7a Corporativa<\/strong><\/p>\r\n<p><strong>Melhores Empresas em Sustentabilidade e Mudan\u00e7as Clim\u00e1ticas<\/strong><\/p>\r\n<\/center>\r\n<p>&nbsp;<\/p>\r\n<p>Para participar das pesquisas Melhores Pr\u00e1ticas de ESG do Estad\u00e3o Empresas Mais, acesse: <a href=\"http:\/\/empresasmais.fia.com.br\" target=\"_blank\" rel=\"noopener\">http:\/\/empresasmais.fia.com.br<\/a>\u00a0 e preencha o cadastro para receber o c\u00f3digo de valida\u00e7\u00e3o e link de acesso \u00e0 pesquisa.<\/p>\r\n<p><strong>*Prazo para preenchimento:\u00a01\u00ba DE AGOSTO DE 2023.<\/strong><\/p>\r\n<h2>\r\n\r\n<\/h2>\r\n<p><strong>Pontos de aten\u00e7\u00e3o:<\/strong><\/p>\r\n<p><strong>1.<\/strong> Cadastros realizados em edi\u00e7\u00f5es anteriores n\u00e3o ser\u00e3o considerados.<\/p>\r\n<p><strong>2.<\/strong> Voc\u00ea pode participar das quatro pesquisas ou optar pela quantidade de verticais que deseja. Portanto, no in\u00edcio do preenchimento, selecione quais question\u00e1rios vai responder e siga as orienta\u00e7\u00f5es para acesso ao question\u00e1rio.\u00a0<\/p>\r\n<p><strong>3.<\/strong> S\u00f3 finalize quando tiver certeza pois, uma vez encerrado, n\u00e3o h\u00e1 retorno para altera\u00e7\u00f5es.<\/p>\r\n<p><strong>4.<\/strong> Para as empresas que acusarem no pr\u00e9-cadastro \u201cCNPJ j\u00e1 cadastrado\u201d, o pr\u00f3ximo passo ser\u00e1 acessar <a href=\"http:\/\/www.empresasmais.fia.com.br\/\" target=\"_blank\" rel=\"noopener\">www.empresasmais.fia.com.br<\/a>\u00a0\u2013 com LOGIN e SENHA.<\/p>\r\n<p>Utilizar:<br \/>LOGIN \u2013 n\u00famero CNPJ (sem ponto e barra)<br \/>SENHA \u2013 n\u00famero CNPJ (sem ponto e barra)<\/p>\r\n<h2>\r\n\r\n<\/h2>\r\n<h2>\r\n\r\n<\/h2>\r\n<p><a href=\"https:\/\/publicacoes.estadao.com.br\/empresasmais\/wp-content\/uploads\/2023\/07\/Empresas-Mais-2023_metodologia.pdf\" target=\"_blank\" rel=\"noreferrer noopener\" data-type=\"URL\">Confira a metodologia utilizada<\/a><\/p>\r\n<h2>\r\n\r\n<\/h2>\r\n<p>&nbsp;<\/p>\r\n<h2>\r\n\r\n<\/h2>\r\n<h2 class=\"wp-block-heading\"><strong>Perguntas frequentes:<\/strong><\/h2>\r\n<h2>\r\n\r\n<\/h2>\r\n<p><strong>1. Resultados internacionais podem ser apresentados para concorrer?<\/strong><br \/>R.: N\u00e3o, somente resultados Brasil.<\/p>\r\n<h2>\r\n\r\n<\/h2>\r\n<p><strong>2. Podem participar holdings e afiliadas?<\/strong><br \/>R.: Sim, desde que sejam CNPJs diferentes.<\/p>\r\n<h2>\r\n\r\n<\/h2>\r\n<p><strong>3. \u00c9 poss\u00edvel ter mais de um login por CNPJ?<\/strong><br \/>R.: N\u00e3o, somente um por CNPJ.<\/p>\r\n<h2>\r\n\r\n<\/h2>\r\n<p><strong>4. Minha senha n\u00e3o funciona. Como proceder?<\/strong><br \/>R.: V\u00e1 em \u201cEsqueci a Senha\u201d. O sistema far\u00e1 a redefini\u00e7\u00e3o da senha atual e sua nova senha passa a ser o seu CNPJ. Se o problema persistir, contate empresasmais@estadao.com<\/p>\r\n<h2>\r\n\r\n<\/h2>\r\n<p><strong>5. Para participar do ranking financeiro do Estad\u00e3o Empresas Mais, o CIE (Coeficiente de Impacto Estad\u00e3o), preciso mandar meu balan\u00e7o e tamb\u00e9m preencher o formul\u00e1rio?<\/strong><br \/>R.: N\u00e3o, se a empresa j\u00e1 participou de outras edi\u00e7\u00f5es de Empresas Mais e possui obriga\u00e7\u00e3o legal de divulga\u00e7\u00e3o de balan\u00e7os, ela provavelmente j\u00e1 est\u00e1 contemplada no ranking das 1500 maiores companhias do Brasil. Todavia, voc\u00ea pode garantir sua participa\u00e7\u00e3o, enviando (por seguran\u00e7a) o balan\u00e7o patrimonial para o email empresasmais@austin.com.br.<\/p>\r\n<h2>\r\n\r\n<\/h2>\r\n<p><strong>6. Se a companhia n\u00e3o possui obriga\u00e7\u00e3o legal de divulgar balan\u00e7os, como posso participar?<\/strong><br \/>R.: Voc\u00ea pode preencher os dados financeiros <a href=\"https:\/\/publicacoes.estadao.com.br\/empresasmais\/wp-content\/uploads\/2023\/07\/IC-EmpresasMais-2023.doc\" target=\"_blank\" rel=\"noopener\">neste formul\u00e1rio<\/a> e enviar para o email empresasmais@austin.com.br, juntamente com os quatro \u00faltimos balan\u00e7os (2022, 2021, 2020, e 2019) anexados.<\/p>\r\n<p><strong>*\u00c9 importante respeitar o prazo final: 1\u00ba DE AGOSTO DE 2023.<\/strong><\/p>","protected":false},"excerpt":{"rendered":"<p>\u00a0 Ranking 1500 Se a empresa possui obriga\u00e7\u00e3o legal de divulga\u00e7\u00e3o de balan\u00e7os, provavelmente j\u00e1 est\u00e1 contemplada no ranking das 1500 maiores companhias do Brasil. Todavia, voc\u00ea pode garantir sua participa\u00e7\u00e3o, enviando (por seguran\u00e7a) o balan\u00e7o patrimonial para o email empresasmais@austin.com.br. Caso a companhia n\u00e3o possua a obriga\u00e7\u00e3o legal de divulgar balan\u00e7os, pode preencher os [&hellip;]<\/p>\n","protected":false},"author":2,"featured_media":0,"parent":0,"menu_order":0,"comment_status":"closed","ping_status":"closed","template":"templates\/template-comoparticipar.php","meta":{"_acf_changed":false,"footnotes":""},"class_list":["post-53273","page","type-page","status-publish","hentry"],"acf":[],"_links":{"self":[{"href":"https:\/\/publicacoes.estadao.com.br\/empresasmais2022\/wp-json\/wp\/v2\/pages\/53273","targetHints":{"allow":["GET"]}}],"collection":[{"href":"https:\/\/publicacoes.estadao.com.br\/empresasmais2022\/wp-json\/wp\/v2\/pages"}],"about":[{"href":"https:\/\/publicacoes.estadao.com.br\/empresasmais2022\/wp-json\/wp\/v2\/types\/page"}],"author":[{"embeddable":true,"href":"https:\/\/publicacoes.estadao.com.br\/empresasmais2022\/wp-json\/wp\/v2\/users\/2"}],"replies":[{"embeddable":true,"href":"https:\/\/publicacoes.estadao.com.br\/empresasmais2022\/wp-json\/wp\/v2\/comments?post=53273"}],"version-history":[{"count":103,"href":"https:\/\/publicacoes.estadao.com.br\/empresasmais2022\/wp-json\/wp\/v2\/pages\/53273\/revisions"}],"predecessor-version":[{"id":104337,"href":"https:\/\/publicacoes.estadao.com.br\/empresasmais2022\/wp-json\/wp\/v2\/pages\/53273\/revisions\/104337"}],"wp:attachment":[{"href":"https:\/\/publicacoes.estadao.com.br\/empresasmais2022\/wp-json\/wp\/v2\/media?parent=53273"}],"curies":[{"name":"wp","href":"https:\/\/api.w.org\/{rel}","templated":true}]}}