{"id":51480,"date":"2020-12-15T17:04:05","date_gmt":"2020-12-15T20:04:05","guid":{"rendered":"http:\/\/publicacoes.estadao.com.br\/empresasmais\/?page_id=51480"},"modified":"2022-12-12T10:58:03","modified_gmt":"2022-12-12T13:58:03","slug":"editorial","status":"publish","type":"page","link":"https:\/\/publicacoes.estadao.com.br\/empresasmais2022\/editorial\/","title":{"rendered":"Editorial"},"content":{"rendered":"\n<p><span>O<\/span> <em>Estad\u00e3o Empresas Mais<\/em> \u00e9 uma avalia\u00e7\u00e3o ampla do desempenho das empresas brasileiras, produzida com metodologia consistente e adapt\u00e1vel \u00e0s mudan\u00e7as de uma economia sempre em transforma\u00e7\u00e3o. Os resultados da oitava edi\u00e7\u00e3o s\u00e3o uma s\u00edntese desse dinamismo, j\u00e1 que o ano de 2021 foi marcado pela recupera\u00e7\u00e3o do mercado depois do recuo causado pela pandemia em todo o mundo.<\/p>\n\n\n\n<p>O Brasil seguiu a tend\u00eancia global e apresentou crescimento do Produto Interno Bruto (PIB) superior \u00e0 queda registrada em 2020. \u201cA vacina\u00e7\u00e3o foi decisiva para impulsionar o setor de servi\u00e7os, que depende muito do contato presencial. Dois ter\u00e7os do PIB do Pa\u00eds e metade dos empregos s\u00e3o gerados por esse setor\u201d, lembra Alex Agostini, economista-chefe da Austin Rating.<\/p>\n\n\n\n<p>A base de dados da Austin, constantemente atualizada e revisada, \u00e9 a refer\u00eancia para a an\u00e1lise feita pela Funda\u00e7\u00e3o Instituto de Administra\u00e7\u00e3o (FIA) que resulta na classifica\u00e7\u00e3o do Estad\u00e3o Empresas Mais. Essa avalia\u00e7\u00e3o leva em conta diferentes dimens\u00f5es, como receita, lucratividade, porte e consist\u00eancia hist\u00f3rica, resultando num dos rankings mais confi\u00e1veis sobre o desempenho de diversos setores. Nesta edi\u00e7\u00e3o, foram avaliadas 2.735 empresas.<\/p>\n\n\n\n<p>\u201cOs indicadores de porte e de crescimento consideram os resultados da empresa nos \u00faltimos tr\u00eas anos\u201d, explica Luis Guedes, professor-doutor da FIA Business School. Esses resultados s\u00e3o ponderados com pesos 1, 2 e 3, respectivamente, com o intuito de suavizar varia\u00e7\u00f5es no tempo. O indicador de porte considera a m\u00e9dia geom\u00e9trica do ativo e receita, enquanto o indicador de crescimento considera a m\u00e9dia geom\u00e9trica do retorno (Ebitda\/Ativo) e crescimento anual da receita no per\u00edodo.<\/p>\n\n\n\n<p>O trabalho \u00e9 minucioso. Para evitar distor\u00e7\u00f5es na defini\u00e7\u00e3o das categorias, por exemplo, a Austin utiliza a Classifica\u00e7\u00e3o Nacional de Atividades Econ\u00f4micas (CNAE) do Instituto Brasileiro de Geografia e Estat\u00edstica (IBGE). Com isso, \u00e9 poss\u00edvel comparar grupos que t\u00eam perfis de tributa\u00e7\u00e3o semelhantes. Tamb\u00e9m h\u00e1 a preocupa\u00e7\u00e3o de separar, na an\u00e1lise, as companhias individuais e os grupos empresariais, que re\u00fanem duas ou mais empresas. Muitas vezes, essas subsidi\u00e1rias atuam em diferentes segmentos da economia, o que poderia distorcer a an\u00e1lise. Com isso, o estudo fica mais pr\u00f3ximo da realidade de cada setor.<\/p>\n\n\n\n<blockquote>\n    \n\n<p><meta charset=\"utf-8\"><p>A vacina\u00e7\u00e3o foi decisiva para impulsionar o setor de servi\u00e7os, que depende muito do contato presencial. Dois ter\u00e7os do PIB do Pa\u00eds e metade dos empregos s\u00e3o gerados por esse setor\u201d<\/p><\/p>\n\n\n\n<p><meta charset=\"utf-8\"><p><em>Alex Agostini, economista-chefe da Austin Rating.<\/em><\/p><\/p>\n\n<\/blockquote>\n\n<div class=\"banner only-desktop banner970x90\">\n    <div id=\"div-gpt-ad-1664301080980-1\" style=\"min-width: 728px; min-height: 90px\">\n        <script>\n        googletag.cmd.push(function() {\n            googletag.display(\"div-gpt-ad-1664301080980-1\");\n        });\n        <\/script>\n    <\/div>\n<\/div>\n\n<div class=\"banner only-mobile\">\n    <div id=\"div-gpt-ad-1664301825759-0\" style=\"min-width: 300px; min-height: 50px\">\n        <script>\n        googletag.cmd.push(function() {\n            googletag.display(\"div-gpt-ad-1664301825759-0\");\n        });\n        <\/script>\n    <\/div>\n<\/div>\n\n\n<h2 class=\"wp-block-heading\">Potencial de crescimento<\/h2>\n\n\n\n<p>Al\u00e9m da defini\u00e7\u00e3o das 1.500 empresas inclu\u00eddas na lista por ordem de Receita L\u00edquida, outro indicador resultante do processo \u00e9 o Coeficiente de Impacto Estad\u00e3o (CIE). Esse indicador \u00e9 calculado a partir de uma pondera\u00e7\u00e3o entre as m\u00e9tricas de porte e desempenho das empresas de cada setor, com escala de 0 a 100 pontos. Deste universo, sai a lista das 100 melhores do ano e as premiadas em cada um dos 22 setores avaliados, al\u00e9m de quatro subsetores da \u00e1rea financeira. Os maiores grupos e o destaque em cada regi\u00e3o do Pa\u00eds tamb\u00e9m s\u00e3o contemplados.<\/p>\n\n\n\n<p>H\u00e1, ainda, categorias especiais que avaliam o universo ESG, com base em uma s\u00e9rie de crit\u00e9rios para definir as empresas que melhor est\u00e3o trabalhando inova\u00e7\u00e3o, sustentabilidade e governan\u00e7a corporativa. Para chegar a esses resultados, a FIA desenvolveu uma metodologia especial para o Estad\u00e3o Empresas Mais, que combina a avalia\u00e7\u00e3o de n\u00fameros com o envio \u00e0s empresas de question\u00e1rios com perguntas subjetivas. \u201cEsses temas ganham import\u00e2ncia a cada ano, pois vivemos um momento em que as empresas n\u00e3o parecem ter alternativas a n\u00e3o ser agir de maneira respons\u00e1vel, por exig\u00eancia de seus pr\u00f3prios consumidores\u201d, diz Guedes, da FIA.<\/p>\n\n\n\n<p>Para Agostini, da Austin, os resultados do Estad\u00e3o Empresas Mais evidenciam o quanto as empresas brasileiras demonstraram for\u00e7a e resili\u00eancia para superar as dificuldades impostas pela pandemia. A receita l\u00edquida total das empresas da amostra cresceu 37% em 2021, ante um aumento de 5,4% no ano anterior. O Ebitda (Lucros antes de juros, impostos, deprecia\u00e7\u00e3o e amortiza\u00e7\u00e3o) saltou 61,8%, diante de uma evolu\u00e7\u00e3o de 11,7% em 2020. \u201cEsse indicador \u00e9 extremamente importante para entender o potencial de crescimento de m\u00e9dio e longo prazo das empresas\u201d, observa o economista.<\/p>\n","protected":false},"excerpt":{"rendered":"<p>O Estad\u00e3o Empresas Mais \u00e9 uma avalia\u00e7\u00e3o ampla do desempenho das empresas brasileiras, produzida com metodologia consistente e adapt\u00e1vel \u00e0s mudan\u00e7as de uma economia sempre em transforma\u00e7\u00e3o. Os resultados da oitava edi\u00e7\u00e3o s\u00e3o uma s\u00edntese desse dinamismo, j\u00e1 que o ano de 2021 foi marcado pela recupera\u00e7\u00e3o do mercado depois do recuo causado pela pandemia [&hellip;]<\/p>\n","protected":false},"author":2,"featured_media":0,"parent":0,"menu_order":0,"comment_status":"closed","ping_status":"closed","template":"templates\/template-editorial.php","meta":{"_acf_changed":false,"footnotes":""},"class_list":["post-51480","page","type-page","status-publish","hentry"],"acf":[],"_links":{"self":[{"href":"https:\/\/publicacoes.estadao.com.br\/empresasmais2022\/wp-json\/wp\/v2\/pages\/51480","targetHints":{"allow":["GET"]}}],"collection":[{"href":"https:\/\/publicacoes.estadao.com.br\/empresasmais2022\/wp-json\/wp\/v2\/pages"}],"about":[{"href":"https:\/\/publicacoes.estadao.com.br\/empresasmais2022\/wp-json\/wp\/v2\/types\/page"}],"author":[{"embeddable":true,"href":"https:\/\/publicacoes.estadao.com.br\/empresasmais2022\/wp-json\/wp\/v2\/users\/2"}],"replies":[{"embeddable":true,"href":"https:\/\/publicacoes.estadao.com.br\/empresasmais2022\/wp-json\/wp\/v2\/comments?post=51480"}],"version-history":[{"count":17,"href":"https:\/\/publicacoes.estadao.com.br\/empresasmais2022\/wp-json\/wp\/v2\/pages\/51480\/revisions"}],"predecessor-version":[{"id":103932,"href":"https:\/\/publicacoes.estadao.com.br\/empresasmais2022\/wp-json\/wp\/v2\/pages\/51480\/revisions\/103932"}],"wp:attachment":[{"href":"https:\/\/publicacoes.estadao.com.br\/empresasmais2022\/wp-json\/wp\/v2\/media?parent=51480"}],"curies":[{"name":"wp","href":"https:\/\/api.w.org\/{rel}","templated":true}]}}