{"id":13,"date":"2017-09-14T18:11:59","date_gmt":"2017-09-14T21:11:59","guid":{"rendered":"http:\/\/localhost\/empresas-mais-2017\/wordpress\/?page_id=13"},"modified":"2023-06-28T18:48:11","modified_gmt":"2023-06-28T21:48:11","slug":"metodologia","status":"publish","type":"page","link":"https:\/\/publicacoes.estadao.com.br\/empresasmais2022\/metodologia\/","title":{"rendered":"Metodologia"},"content":{"rendered":"\r\n<p>Uma robusta base de dados constantemente atualizada e revisada e uma metodologia consistente e adapt\u00e1vel \u00e0s mudan\u00e7as de uma economia sempre em transforma\u00e7\u00e3o s\u00e3o os ingredientes para que o <em>Estad\u00e3o Empresas Mais<\/em> se firme a cada ano como um dos rankings mais confi\u00e1veis sobre o desempenho de diversos setores. Na edi\u00e7\u00e3o de 2022, s\u00e3o 27 setores contemplados, al\u00e9m dos rankings regionais e os das categorias especiais.<\/p>\r\n\r\n\r\n\r\n<p>A Funda\u00e7\u00e3o Instituto de Administra\u00e7\u00e3o (FIA) aplica sobre a base de dados da Austin Rating \u2013 que agrega mais de 3 mil empresas de capital aberto e fechado \u2014 uma metodologia que analisa dimens\u00f5es como receita, lucratividade, porte e consist\u00eancia hist\u00f3rica<\/p>\r\n\r\n\r\n\r\n<p>&nbsp;<\/p>\r\n<p>O principal indicador resultante de todo o processo, que define as posi\u00e7\u00f5es das 1.500 empresas inclu\u00eddas na lista, \u00e9 o Coeficiente de Impacto Estad\u00e3o (CIE). Esse indicador \u00e9 calculado a partir de uma pondera\u00e7\u00e3o entre as m\u00e9tricas de porte e desempenho das empresas de cada setor, com escala de 0 a 100 pontos. Deste universo, sai a lista das 100 melhores do ano.<\/p>\r\n\r\n\r\n\r\n<figure class=\"wp-block-image\"><img loading=\"lazy\" decoding=\"async\" width=\"760\" height=\"490\" class=\"wp-image-56908\" src=\"https:\/\/publicacoes.estadao.com.br\/empresasmais2021\/wp-content\/uploads\/2021\/12\/empresasmais_imgs-min.jpg\" alt=\"\" srcset=\"https:\/\/publicacoes.estadao.com.br\/empresasmais2022\/wp-content\/uploads\/2021\/12\/empresasmais_imgs-min.jpg 760w, https:\/\/publicacoes.estadao.com.br\/empresasmais2022\/wp-content\/uploads\/2021\/12\/empresasmais_imgs-min-300x193.jpg 300w\" sizes=\"auto, (max-width: 760px) 100vw, 760px\" \/><\/figure>\r\n\r\n<p>&nbsp;<\/p>\r\n\r\n<h2 class=\"wp-block-heading\">Alto desempenho<\/h2>\r\n<p>&nbsp;<\/p>\r\n\r\n\r\n\r\n<p>A classifica\u00e7\u00e3o por porte leva em considera\u00e7\u00e3o a receita l\u00edquida obtida no exerc\u00edcio anterior e o crit\u00e9rio de desempenho avalia ainda dados como ativos totais, lucro ou preju\u00edzo operacional, Ebitda, margem de lucro e retorno sobre o capital.\r\n\r\n<\/p>\r\n<p>O trabalho \u00e9 bastante minucioso. Um exemplo: para evitar distor\u00e7\u00f5es na defini\u00e7\u00e3o das categorias, a Austin utiliza a Classifica\u00e7\u00e3o Nacional de Atividades Econ\u00f4micas (CNAE) do IBGE. Assim, \u00e9 poss\u00edvel comparar grupos que t\u00eam perfis de tributa\u00e7\u00e3o semelhantes.<\/p>\r\n\r\n\r\n\r\n<p>Tamb\u00e9m h\u00e1 a preocupa\u00e7\u00e3o de separar na an\u00e1lise as companhias individuais e os grupos empresariais, que re\u00fanem duas ou mais empresas. Muitas vezes, essas subsidi\u00e1rias atuam em diferentes segmentos da economia, o que poderia distorcer a an\u00e1lise. Com isso, o estudo fica mais pr\u00f3ximo da realidade de cada setor, algo importante em momentos de volatilidade como o atual.<\/p>\r\n\r\n\r\n\n<blockquote>\n    \r\n\r\n\r\n<p>As empresas fizeram um ajuste de custo vigoroso e isso propiciou ganho de margem.&#8221;<\/p>\r\n<p>\r\n\r\n<\/p>\r\n<p><em>Alex Agostini, economista-chefe da Austin Rating<\/em><\/p>\r\n<p><\/blockquote>\n\n<div class=\"banner only-desktop banner970x90\">\n    <div id=\"div-gpt-ad-1664301080980-1\" style=\"min-width: 728px; min-height: 90px\">\n        <script>\n        googletag.cmd.push(function() {\n            googletag.display(\"div-gpt-ad-1664301080980-1\");\n        });\n        <\/script>\n    <\/div>\n<\/div>\n\n<div class=\"banner only-mobile\">\n    <div id=\"div-gpt-ad-1664301825759-0\" style=\"min-width: 300px; min-height: 50px\">\n        <script>\n        googletag.cmd.push(function() {\n            googletag.display(\"div-gpt-ad-1664301825759-0\");\n        });\n        <\/script>\n    <\/div>\n<\/div>\r\n\r\n<\/p>\r\n<p>Al\u00e9m dos setores econ\u00f4micos, s\u00e3o identificadas as melhores empresas e reconhecidos os melhores grandes grupos. Os destaques regionais nas Regi\u00f5es Sul, Centro-Oeste, Nordeste e Norte do Pa\u00eds tamb\u00e9m s\u00e3o identificados.<\/p>\r\n<p>\r\n\r\n<\/p>\r\n<p>Nas categorias especiais, h\u00e1 crit\u00e9rios para definir aquelas empresas que melhor est\u00e3o trabalhando quest\u00f5es como inova\u00e7\u00e3o empresarial, governan\u00e7a corporativa e sustentabilidade. Para chegar aos resultados, s\u00e3o enviados question\u00e1rios espec\u00edficos com perguntas subjetivas, mas que passam por um cruzamento de informa\u00e7\u00f5es antes da forma\u00e7\u00e3o do ranking final.<\/p>\r\n<p><\/p>","protected":false},"excerpt":{"rendered":"<p>Uma robusta base de dados constantemente atualizada e revisada e uma metodologia consistente e adapt\u00e1vel \u00e0s mudan\u00e7as de uma economia sempre em transforma\u00e7\u00e3o s\u00e3o os ingredientes para que o Estad\u00e3o Empresas Mais se firme a cada ano como um dos rankings mais confi\u00e1veis sobre o desempenho de diversos setores. Na edi\u00e7\u00e3o de 2022, s\u00e3o 27 [&hellip;]<\/p>\n","protected":false},"author":2,"featured_media":0,"parent":0,"menu_order":0,"comment_status":"closed","ping_status":"closed","template":"templates\/template-editorial.php","meta":{"_acf_changed":false,"footnotes":""},"class_list":["post-13","page","type-page","status-publish","hentry"],"acf":[],"_links":{"self":[{"href":"https:\/\/publicacoes.estadao.com.br\/empresasmais2022\/wp-json\/wp\/v2\/pages\/13","targetHints":{"allow":["GET"]}}],"collection":[{"href":"https:\/\/publicacoes.estadao.com.br\/empresasmais2022\/wp-json\/wp\/v2\/pages"}],"about":[{"href":"https:\/\/publicacoes.estadao.com.br\/empresasmais2022\/wp-json\/wp\/v2\/types\/page"}],"author":[{"embeddable":true,"href":"https:\/\/publicacoes.estadao.com.br\/empresasmais2022\/wp-json\/wp\/v2\/users\/2"}],"replies":[{"embeddable":true,"href":"https:\/\/publicacoes.estadao.com.br\/empresasmais2022\/wp-json\/wp\/v2\/comments?post=13"}],"version-history":[{"count":14,"href":"https:\/\/publicacoes.estadao.com.br\/empresasmais2022\/wp-json\/wp\/v2\/pages\/13\/revisions"}],"predecessor-version":[{"id":104275,"href":"https:\/\/publicacoes.estadao.com.br\/empresasmais2022\/wp-json\/wp\/v2\/pages\/13\/revisions\/104275"}],"wp:attachment":[{"href":"https:\/\/publicacoes.estadao.com.br\/empresasmais2022\/wp-json\/wp\/v2\/media?parent=13"}],"curies":[{"name":"wp","href":"https:\/\/api.w.org\/{rel}","templated":true}]}}