{"id":11,"date":"2017-09-14T18:11:51","date_gmt":"2017-09-14T21:11:51","guid":{"rendered":"http:\/\/localhost\/empresas-mais-2017\/wordpress\/?page_id=11"},"modified":"2020-12-15T23:21:05","modified_gmt":"2020-12-16T02:21:05","slug":"servicos-financeiros","status":"publish","type":"page","link":"https:\/\/publicacoes.estadao.com.br\/empresasmais2022\/servicos-financeiros\/","title":{"rendered":"Servi\u00e7os financeiros"},"content":{"rendered":"<p>As tabelas tra\u00e7am o retrato de cinco tipos de empresa: Bancos comerciais, empresas de Capitaliza\u00e7\u00e3o, Corretoras de Seguros, Entidades abertas de Previd\u00eancia Privada e Seguradoras. Aqui, a classifica\u00e7\u00e3o foi elaborada a partir da receita l\u00edquida de cada institui\u00e7\u00e3o financeira. Esse crit\u00e9rio \u00e9 diferente do utilizado na publica\u00e7\u00e3o Finan\u00e7as Mais \u2014 outra parceria do Estad\u00e3o com a Austin Rating \u2014, que apresentou uma radiografia das empresas l\u00edderes do setor financeiro no Pa\u00eds, com base na an\u00e1lise das demonstra\u00e7\u00f5es cont\u00e1beis publicadas em seus balan\u00e7os no ano anterior.<\/p>\n","protected":false},"excerpt":{"rendered":"<p>As tabelas tra\u00e7am o retrato de cinco tipos de empresa: Bancos comerciais, empresas de Capitaliza\u00e7\u00e3o, Corretoras de Seguros, Entidades abertas de Previd\u00eancia Privada e Seguradoras. Aqui, a classifica\u00e7\u00e3o foi elaborada a partir da receita l\u00edquida de cada institui\u00e7\u00e3o financeira. Esse crit\u00e9rio \u00e9 diferente do utilizado na publica\u00e7\u00e3o Finan\u00e7as Mais \u2014 outra parceria do Estad\u00e3o com [&hellip;]<\/p>\n","protected":false},"author":2,"featured_media":0,"parent":0,"menu_order":0,"comment_status":"closed","ping_status":"closed","template":"","meta":{"_acf_changed":false,"footnotes":""},"class_list":["post-11","page","type-page","status-publish","hentry"],"acf":[],"_links":{"self":[{"href":"https:\/\/publicacoes.estadao.com.br\/empresasmais2022\/wp-json\/wp\/v2\/pages\/11","targetHints":{"allow":["GET"]}}],"collection":[{"href":"https:\/\/publicacoes.estadao.com.br\/empresasmais2022\/wp-json\/wp\/v2\/pages"}],"about":[{"href":"https:\/\/publicacoes.estadao.com.br\/empresasmais2022\/wp-json\/wp\/v2\/types\/page"}],"author":[{"embeddable":true,"href":"https:\/\/publicacoes.estadao.com.br\/empresasmais2022\/wp-json\/wp\/v2\/users\/2"}],"replies":[{"embeddable":true,"href":"https:\/\/publicacoes.estadao.com.br\/empresasmais2022\/wp-json\/wp\/v2\/comments?post=11"}],"version-history":[{"count":4,"href":"https:\/\/publicacoes.estadao.com.br\/empresasmais2022\/wp-json\/wp\/v2\/pages\/11\/revisions"}],"predecessor-version":[{"id":53187,"href":"https:\/\/publicacoes.estadao.com.br\/empresasmais2022\/wp-json\/wp\/v2\/pages\/11\/revisions\/53187"}],"wp:attachment":[{"href":"https:\/\/publicacoes.estadao.com.br\/empresasmais2022\/wp-json\/wp\/v2\/media?parent=11"}],"curies":[{"name":"wp","href":"https:\/\/api.w.org\/{rel}","templated":true}]}}