{"id":51476,"date":"2020-12-15T16:31:31","date_gmt":"2020-12-15T19:31:31","guid":{"rendered":"http:\/\/publicacoes.estadao.com.br\/empresasmais\/?page_id=51476"},"modified":"2021-12-10T19:33:40","modified_gmt":"2021-12-10T22:33:40","slug":"destaques","status":"publish","type":"page","link":"https:\/\/publicacoes.estadao.com.br\/empresasmais2021\/destaques\/","title":{"rendered":"Destaques"},"content":{"rendered":"<p><img loading=\"lazy\" decoding=\"async\" class=\"size-full wp-image-57016 aligncenter\" src=\"https:\/\/publicacoes.estadao.com.br\/empresasmais2021\/wp-content\/uploads\/2021\/12\/ranking_desempenho.jpg\" alt=\"\" width=\"200\" height=\"154\" \/><\/p>\n<p>A Sotreq \u00e9 a grande vencedora do ano do Estad\u00e3o Empresas Mais 2021. A maior revendedora nacional da Caterpillar \u00e9 destaque no ranking do Coeficiente de Impacto, lidera entre as empresas de alt\u00edssimo desempenho e ainda est\u00e1 em primeiro nas listas da Regi\u00e3o Sudeste e do setor de m\u00e1quinas e equipamentos. A empresa consegue ser um espelho da atividade em grandes setores da infraestrutura, j\u00e1 que opera em \u00e1reas como constru\u00e7\u00e3o, agroneg\u00f3cios, minera\u00e7\u00e3o, hospitalar e de \u00f3leo e g\u00e1s, entre outros.<\/p>\n<p>Mesmo com as dificuldades impostas pela pandemia, a empresa registrou crescimento robusto em v\u00e1rias das \u00e1reas em que atua, explica Gustavo Sep\u00falveda, diretor executivo de Neg\u00f3cios da Sotreq. O grupo divulgou neste ano que suas receitas cresceram mais de 40% em 2020, atingindo R$ 7 bilh\u00f5es. O lucro l\u00edquido chegou a R$ 454,4 milh\u00f5es.<\/p>\n<p>Sep\u00falveda explica que um grande desafio no per\u00edodo foi o de elaborar uma estrat\u00e9gia para que os clientes n\u00e3o sentissem falta dos produtos. \u201cFazemos sempre o gerenciamento de estoques no nosso pipeline de pedidos. E tamb\u00e9m tivemos a\u00e7\u00f5es para fomentar as vendas.\u201d<\/p>\n<p>&nbsp;<\/p>\n<h2>Jornada digital<\/h2>\n<p>Acelerar a jornada digital para os clientes foi uma das a\u00e7\u00f5es que se mostraram acertadas. A Sotreq tem na capilaridade de sua rede de lojas um grande diferencial e parte dessa rela\u00e7\u00e3o foi transportada para o ambiente digital. A empresa fez, por exemplo, algumas edi\u00e7\u00f5es da CAT Live Festival, com foco em promo\u00e7\u00f5es de pe\u00e7as e servi\u00e7os, sob comando do apresentador Ciro Bottini. Lan\u00e7ou tamb\u00e9m o Sotreq Retiraqui, uma esta\u00e7\u00e3o de arm\u00e1rios inteligentes de autoatendimento.<\/p>\n<p>Outra grande novidade no per\u00edodo: a empresa passou a atuar diretamente no setor de agroneg\u00f3cio, no qual participava apenas com o fornecimento de m\u00e1quinas, como tratores e carregadeiras. Em parceria com a AGCO, a Sotreq passou a revender colheitadeiras, tratores e m\u00e1quinas preparadoras de solo das marcas Fendt e Valtra. \u201cJ\u00e1 conquistamos territ\u00f3rios importantes em Mato Grosso e em Rond\u00f4nia\u201d, lista o diretor.<\/p>\n<p>O executivo tamb\u00e9m destaca a atua\u00e7\u00e3o no setor de constru\u00e7\u00e3o, uma das \u00e1reas em que a empresa conseguiu sobressair. \u201cAs obras de infraestrutura, especialmente na \u00e1rea de saneamento b\u00e1sico, demonstraram um forte crescimento no ano passado, junto das ind\u00fastrias extrativistas vinculadas \u00e0s commodities exportadoras, como celulose e min\u00e9rio\u201d, afirma Sep\u00falveda.<\/p>\n<p>Na \u00e1rea hospitalar, a Sotreq j\u00e1 \u00e9 refer\u00eancia no fornecimento de grupos geradores de energia em grandes projetos estruturados, aqueles que visam \u00e0 m\u00e1xima redund\u00e2ncia nesse segmento cr\u00edtico. Essa expertise foi usada tamb\u00e9m na fase emergencial da crise sanit\u00e1ria, quando v\u00e1rios centros de sa\u00fade foram obrigados a criar espa\u00e7os espec\u00edficos para o tratamento de covid-19.<\/p>\n<blockquote><p>\u201cFazemos sempre o gerenciamento de estoques no nosso pipeline de pedidos. E tamb\u00e9m tivemos a\u00e7\u00f5es para fomentar as vendas\u201d<br \/>\nGustavo Sep\u00falveda, d<em>iretor da Sotreq<\/em><\/p><\/blockquote>\n<p><img loading=\"lazy\" decoding=\"async\" class=\"alignnone wp-image-56945 size-full\" src=\"https:\/\/publicacoes.estadao.com.br\/empresasmais2021\/wp-content\/uploads\/2020\/12\/empresasmais_imgs2-min.jpg\" alt=\"\" width=\"760\" height=\"490\" srcset=\"https:\/\/publicacoes.estadao.com.br\/empresasmais2021\/wp-content\/uploads\/2020\/12\/empresasmais_imgs2-min.jpg 760w, https:\/\/publicacoes.estadao.com.br\/empresasmais2021\/wp-content\/uploads\/2020\/12\/empresasmais_imgs2-min-300x193.jpg 300w\" sizes=\"auto, (max-width: 760px) 100vw, 760px\" \/><\/p>\n<h1>Empresas exportadoras trilharam um atalho na retomada<\/h1>\n<p><em>Adapta\u00e7\u00e3o r\u00e1pida ao cen\u00e1rio desafiador foi decisiva em v\u00e1rios setores<\/em><\/p>\n<p>&nbsp;<\/p>\n<p>Quais grupos empresariais brasileiros tiveram as melhores performances e, por consequ\u00eancia, causaram o maior impacto na atividade econ\u00f4mica em 2020? E quais os motivos que levaram a esse desempenho no dif\u00edcil ano de 2020? A metodologia exclusiva da FIA e a da Austin Rating no Estad\u00e3o Empresas Mais, que pondera porte e entrega de resultados, conseguiram responder a essas perguntas. Empresas com forte vi\u00e9s exportador que conseguiram se adaptar \u00e0s condi\u00e7\u00f5es de mercado na fase cr\u00edtica aproveitaram-se mais rapidamente da retomada em mercados-chave no exterior.<\/p>\n<p>A Marfrig, l\u00edder no ranking do Coeficiente de Impacto Estad\u00e3o da categoria Grandes Grupos, por exemplo, exporta 2\/3 do que produz na chamada plataforma Am\u00e9rica do Sul. Segundo Tang David, CFO do frigor\u00edfico, mercados como o chin\u00eas mantiveram a demanda, mesmo em per\u00edodos mais sens\u00edveis na crise. No mercado interno, a queda no food service foi em parte compensada pelo avan\u00e7o do delivery, especialmente de hamb\u00fargueres (leia entrevista ao lado).<\/p>\n<p>Outro grupo do mesmo ramo, a JBS, ficou no segundo posto na categoria. Apenas a receita de exporta\u00e7\u00f5es consolidadas do grupo em 2020 (que inclui opera\u00e7\u00f5es tamb\u00e9m fora do Brasil) somou US$ 13,6 bilh\u00f5es, com 53,4% indo para o mercado asi\u00e1tico, com a China na lideran\u00e7a. Al\u00e9m da carne bovina, a empresa continuou em busca de ser cada vez mais presente em produtos de valor agregado. No ano passado, por exemplo, adquiriu o neg\u00f3cio de margarinas da Bunge. Hoje, a JBS tem mais de 70 marcas que chegam a aproximadamente 190 pa\u00edses.<\/p>\n<p>Na mineradora Vale, que ficou na terceira coloca\u00e7\u00e3o do ranking, a receita l\u00edquida avan\u00e7ou para R$ 208,5 bilh\u00f5es, refletindo tanto a desvaloriza\u00e7\u00e3o do real ante o d\u00f3lar (na casa dos 30,7% em 2020) como os pre\u00e7os mais altos do min\u00e9rio de ferro devido \u00e0 retomada da demanda por produtores de a\u00e7o, em especial no segundo semestre. Mesmo colocando cerca de 15 mil colaboradores em home office durante a pandemia, a Vale conseguiu retomar at\u00e9 algumas opera\u00e7\u00f5es que estavam paralisadas desde 2019, ano da trag\u00e9dia de Brumadinho.<\/p>\n<p>Com a retomada e a estabiliza\u00e7\u00e3o de suas opera\u00e7\u00f5es, a Vale lan\u00e7ou uma estrat\u00e9gia de longo prazo que contempla, entre outras iniciativas, os projetos Serra Sul 120 e Capanema, importantes para a cria\u00e7\u00e3o dos buffers de capacidade e para a estabilidade de produ\u00e7\u00e3o. No final de novembro de 2021, a companhia anunciou que pretende continuar investindo entre US$ 5 bilh\u00f5es e US$ 6 bilh\u00f5es anualmente.<\/p>\n","protected":false},"excerpt":{"rendered":"<p>A Sotreq \u00e9 a grande vencedora do ano do Estad\u00e3o Empresas Mais 2021. A maior revendedora nacional da Caterpillar \u00e9 destaque no ranking do Coeficiente de Impacto, lidera entre as empresas de alt\u00edssimo desempenho e ainda est\u00e1 em primeiro nas listas da Regi\u00e3o Sudeste e do setor de m\u00e1quinas e equipamentos. A empresa consegue ser [&hellip;]<\/p>\n","protected":false},"author":2,"featured_media":0,"parent":0,"menu_order":0,"comment_status":"closed","ping_status":"closed","template":"","meta":{"_acf_changed":false,"footnotes":""},"class_list":["post-51476","page","type-page","status-publish","hentry"],"acf":[],"_links":{"self":[{"href":"https:\/\/publicacoes.estadao.com.br\/empresasmais2021\/wp-json\/wp\/v2\/pages\/51476","targetHints":{"allow":["GET"]}}],"collection":[{"href":"https:\/\/publicacoes.estadao.com.br\/empresasmais2021\/wp-json\/wp\/v2\/pages"}],"about":[{"href":"https:\/\/publicacoes.estadao.com.br\/empresasmais2021\/wp-json\/wp\/v2\/types\/page"}],"author":[{"embeddable":true,"href":"https:\/\/publicacoes.estadao.com.br\/empresasmais2021\/wp-json\/wp\/v2\/users\/2"}],"replies":[{"embeddable":true,"href":"https:\/\/publicacoes.estadao.com.br\/empresasmais2021\/wp-json\/wp\/v2\/comments?post=51476"}],"version-history":[{"count":12,"href":"https:\/\/publicacoes.estadao.com.br\/empresasmais2021\/wp-json\/wp\/v2\/pages\/51476\/revisions"}],"predecessor-version":[{"id":57030,"href":"https:\/\/publicacoes.estadao.com.br\/empresasmais2021\/wp-json\/wp\/v2\/pages\/51476\/revisions\/57030"}],"wp:attachment":[{"href":"https:\/\/publicacoes.estadao.com.br\/empresasmais2021\/wp-json\/wp\/v2\/media?parent=51476"}],"curies":[{"name":"wp","href":"https:\/\/api.w.org\/{rel}","templated":true}]}}