{"id":53273,"date":"2021-07-08T18:32:10","date_gmt":"2021-07-08T21:32:10","guid":{"rendered":"http:\/\/publicacoes.estadao.com.br\/empresasmais\/?page_id=53273"},"modified":"2021-07-12T11:05:08","modified_gmt":"2021-07-12T14:05:08","slug":"como-participar","status":"publish","type":"page","link":"https:\/\/publicacoes.estadao.com.br\/empresasmais2020\/como-participar\/","title":{"rendered":"Como participar"},"content":{"rendered":"<p>A publica\u00e7\u00e3o <strong>Empresas Mais 2021<\/strong> oferece 4 premia\u00e7\u00f5es:<\/p>\n<div class=\"box_1\">\n<h3 style=\"text-align: center;\"><strong>Melhores Empresas pelo CIE<\/strong><\/h3>\n<p style=\"text-align: center;\">(Coeficiente de Impacto Estad\u00e3o).<\/p>\n<p>Para participar, \u00e9 necess\u00e1rio:<\/p>\n<p><strong>Enviar as demonstra\u00e7\u00f5es financeiras<\/strong> da empresa relativas aos quatro \u00faltimos per\u00edodos<br \/>\n(2020, 2019, 2018 e 2017) para o e-mail <a href=\"mailto:empresasmais@austin.com.br\" rel=\"noreferrer\">empresasmais@austin.com.br<\/a><br \/>\n<strong>OU\u00a0<\/strong> \u00a0 \u00a0<strong><br \/>\n<\/strong><a href=\"https:\/\/publicacoes.estadao.com.br\/empresasmais\/wp-content\/uploads\/2021\/07\/IC-EmpresasMais-2021.doc\"><strong>Preencher o formul\u00e1rio<\/strong><\/a> e enviar para o e-mail <a href=\"mailto:empresasmais@austin.com.br\" rel=\"noreferrer\">empresasmais@austin.com.br<\/a><\/p>\n<p><span style=\"color: #063b72;\"><strong>*Prazo para preenchimento:<\/strong> 15 DE JULHO DE 2021.<\/span><\/p>\n<\/div>\n<div class=\"box_1\">\n<h3 style=\"text-align: center;\"><strong>Melhores Empresas em Inova\u00e7\u00e3o<\/strong><\/h3>\n<h3 style=\"text-align: center;\"><strong>Melhores Empresas em Governan\u00e7a<\/strong><\/h3>\n<h3 style=\"text-align: center;\"><strong>Melhores Empresas em Sustentabilidade<\/strong><\/h3>\n<p>&nbsp;<\/p>\n<p>Para participar das pesquisas de Inova\u00e7\u00e3o, Governan\u00e7a e Sustentabilidade, <a href=\"http:\/\/empresasmais.fia.com.br\/precadastro\" target=\"_blank\" rel=\"noopener noreferrer\"><strong>clique aqui e preencha o formul\u00e1rio<\/strong><\/a>.<\/p>\n<p><span style=\"color: #063b72;\"><strong>*Prazo para preenchimento:<\/strong> 16 DE AGOSTO DE 2021.<\/span><\/p>\n<p><strong>Pontos de aten\u00e7\u00e3o: <\/strong><\/p>\n<p>* Voc\u00ea pode participar das tr\u00eas pesquisas ou somente de uma ou duas. Portanto, no in\u00edcio do preenchimento, selecione quais question\u00e1rios vai responder, preencha as informa\u00e7\u00f5es, revise suas respostas, salve e finalize. Importante: s\u00f3 finalize quando tiver certeza, pois, uma vez encerrado, n\u00e3o h\u00e1 retorno para altera\u00e7\u00f5es.<\/p>\n<p>* Para as empresas que acusarem no pr\u00e9-cadastro &#8220;CNPJ j\u00e1 cadastrado&#8221;; o pr\u00f3ximo passo ser\u00e1 acessar <a href=\"http:\/\/www.empresasmais.fia.com.br\/\" target=\"_blank\" rel=\"noopener noreferrer\">www.empresasmais.fia.com.br<\/a>\u00a0\u2013 com LOGIN e SENHA.<\/p>\n<p dir=\"ltr\">Utilizar:<br \/>\nLOGIN \u2013 n\u00famero CNPJ (sem ponto e barra)<br \/>\nSENHA \u2013 n\u00famero CNPJ (sem ponto e barra)<\/p>\n<\/div>\n<h2 dir=\"ltr\" style=\"text-align: left;\"><strong>Confira as metodologias utilizadas:<\/strong><\/h2>\n<p><a href=\"https:\/\/publicacoes.estadao.com.br\/empresasmais\/wp-content\/uploads\/2021\/07\/RP549_01_SUMARIO_DA_METODOL_COEF-IMPACTO-ECON.pdf\" target=\"_blank\" rel=\"noopener noreferrer\">Sum\u00e1rio da metodologia para c\u00e1lculo dos coeficientes de impacto econ\u00f4mico<\/a><\/p>\n<p>&nbsp;<\/p>\n<h2 style=\"text-align: left;\"><strong>Perguntas frequentes:<\/strong><\/h2>\n<ol>\n<li><strong>Resultados internacionais podem ser apresentados para concorrer?<\/strong><\/li>\n<\/ol>\n<p>R.: N\u00e3o, somente resultados Brasil.<\/p>\n<ol start=\"2\">\n<li><strong>Podem participar holdings e afiliadas?<\/strong><\/li>\n<\/ol>\n<p>R.: Sim, desde que sejam CNPJs diferentes.<\/p>\n<ol start=\"3\">\n<li><strong>\u00c9 poss\u00edvel ter mais de um login por CNPJ?<\/strong><\/li>\n<\/ol>\n<p>R.: N\u00e3o, somente um por CNPJ.<\/p>\n<ol start=\"4\">\n<li><strong>Minha senha n\u00e3o funciona. Como proceder?<\/strong><\/li>\n<\/ol>\n<p>R.: V\u00e1 em &#8220;Esqueci a Senha&#8221;. O sistema far\u00e1 a redefini\u00e7\u00e3o da senha atual e sua nova senha passa a ser o seu CNPJ. Se o problema persistir, contate\u00a0<a href=\"mailto:empresasmais@estadao.com\">empresasmais@estadao.com<\/a><\/p>\n<ol start=\"5\">\n<li><strong>Para participar do ranking financeiro do Empresas Mais, o CIE (Coeficiente de Impacto Estad\u00e3o), preciso mandar meu balan\u00e7o e tamb\u00e9m preencher o formul\u00e1rio?<\/strong><\/li>\n<\/ol>\n<p>R.: N\u00e3o, se a empresa j\u00e1 participou de outras edi\u00e7\u00f5es de Empresas Mais e possui obriga\u00e7\u00e3o legal de divulga\u00e7\u00e3o de balan\u00e7os, ela provavelmente j\u00e1 est\u00e1 contemplada no ranking das 1500 maiores companhias do Brasil. Todavia, voc\u00ea pode garantir sua participa\u00e7\u00e3o, enviando (por seguran\u00e7a) o balan\u00e7o patrimonial, clicando no bot\u00e3o &#8220;Participa\u00e7\u00e3o CIE &#8211; Enviar Balan\u00e7o&#8221;. Agora, se sua companhia n\u00e3o possui a obriga\u00e7\u00e3o legal de divulgar balan\u00e7os, voc\u00ea pode preencher os dados financeiros no formul\u00e1rio acess\u00edvel pelo bot\u00e3o &#8220;Participa\u00e7\u00e3o CIE &#8211; Enviar formul\u00e1rio&#8221;. \u00c9 importante respeitar os prazos finais de envio.<\/p>\n<p>&nbsp;<\/p>\n","protected":false},"excerpt":{"rendered":"<p>A publica\u00e7\u00e3o Empresas Mais 2021 oferece 4 premia\u00e7\u00f5es: Melhores Empresas pelo CIE (Coeficiente de Impacto Estad\u00e3o). Para participar, \u00e9 necess\u00e1rio: Enviar as demonstra\u00e7\u00f5es financeiras da empresa relativas aos quatro \u00faltimos per\u00edodos (2020, 2019, 2018 e 2017) para o e-mail empresasmais@austin.com.br OU\u00a0 \u00a0 \u00a0 Preencher o formul\u00e1rio e enviar para o e-mail empresasmais@austin.com.br *Prazo para preenchimento: [&hellip;]<\/p>\n","protected":false},"author":2,"featured_media":0,"parent":0,"menu_order":0,"comment_status":"closed","ping_status":"closed","template":"","meta":{"_acf_changed":false,"footnotes":""},"class_list":["post-53273","page","type-page","status-publish","hentry"],"acf":[],"_links":{"self":[{"href":"https:\/\/publicacoes.estadao.com.br\/empresasmais2020\/wp-json\/wp\/v2\/pages\/53273","targetHints":{"allow":["GET"]}}],"collection":[{"href":"https:\/\/publicacoes.estadao.com.br\/empresasmais2020\/wp-json\/wp\/v2\/pages"}],"about":[{"href":"https:\/\/publicacoes.estadao.com.br\/empresasmais2020\/wp-json\/wp\/v2\/types\/page"}],"author":[{"embeddable":true,"href":"https:\/\/publicacoes.estadao.com.br\/empresasmais2020\/wp-json\/wp\/v2\/users\/2"}],"replies":[{"embeddable":true,"href":"https:\/\/publicacoes.estadao.com.br\/empresasmais2020\/wp-json\/wp\/v2\/comments?post=53273"}],"version-history":[{"count":29,"href":"https:\/\/publicacoes.estadao.com.br\/empresasmais2020\/wp-json\/wp\/v2\/pages\/53273\/revisions"}],"predecessor-version":[{"id":53312,"href":"https:\/\/publicacoes.estadao.com.br\/empresasmais2020\/wp-json\/wp\/v2\/pages\/53273\/revisions\/53312"}],"wp:attachment":[{"href":"https:\/\/publicacoes.estadao.com.br\/empresasmais2020\/wp-json\/wp\/v2\/media?parent=53273"}],"curies":[{"name":"wp","href":"https:\/\/api.w.org\/{rel}","templated":true}]}}