{"id":51480,"date":"2020-12-15T17:04:05","date_gmt":"2020-12-15T20:04:05","guid":{"rendered":"http:\/\/publicacoes.estadao.com.br\/empresasmais\/?page_id=51480"},"modified":"2020-12-15T18:49:18","modified_gmt":"2020-12-15T21:49:18","slug":"editorial","status":"publish","type":"page","link":"https:\/\/publicacoes.estadao.com.br\/empresasmais2020\/editorial\/","title":{"rendered":"Editorial"},"content":{"rendered":"<p class=\"normal\"><img loading=\"lazy\" decoding=\"async\" class=\"alignright wp-image-53130 size-full\" src=\"http:\/\/publicacoes.estadao.com.br\/empresasmais\/wp-content\/uploads\/2020\/12\/Editorial_ilustra.png\" alt=\"\" width=\"300\" height=\"378\" srcset=\"https:\/\/publicacoes.estadao.com.br\/empresasmais2020\/wp-content\/uploads\/2020\/12\/Editorial_ilustra.png 300w, https:\/\/publicacoes.estadao.com.br\/empresasmais2020\/wp-content\/uploads\/2020\/12\/Editorial_ilustra-238x300.png 238w\" sizes=\"auto, (max-width: 300px) 100vw, 300px\" \/>Cada uma em sua \u00e1rea de atua\u00e7\u00e3o, as maiores empresas do Brasil tiveram de ajustar rotas, mudar procedimentos e, principalmente, ter equipes e gestores muito aguerridos para conseguir acertar o rumo durante a pandemia, um processo at\u00e9 agora \u00fanico na vida de qualquer brasileiro em idade produtiva.<\/p>\n<p class=\"normal\">\u00c9 por isso que o Estad\u00e3o Empresas Mais 2020 ganha ainda mais peso. Mesmo a premia\u00e7\u00e3o considerando os balan\u00e7os publicados com os n\u00fameros de 2019, quando a preocupa\u00e7\u00e3o dos executivos era fazer com que o setor privado conseguisse ajudar na decolagem do PIB do Pa\u00eds, os grandes grupos representados nas pr\u00f3ximas p\u00e1ginas t\u00eam muito a dizer.<\/p>\n<p class=\"normal\">Alguns, ligados ao setor de consumo de itens considerados essenciais, conseguiram continuar a fazer a roda girar nos \u00faltimos meses. Outros, em \u00e1reas mais atingidas pela pandemia, tiveram um desafio ainda maior pela frente. Como se adequar \u00e0 realidade e, ao mesmo tempo, movimentar os neg\u00f3cios para as contas fecharem no azul? Resili\u00eancia, nesse caso, foi a palavra de ordem em muitas empresas.<\/p>\n<p class=\"normal\">Todas as 1.500 maiores empresas do Brasil avaliadas olham agora para o futuro. As discuss\u00f5es, nas mais variadas \u00e1reas, mostram que a pandemia vai deixar muito legados. Desde uma maior flexibiliza\u00e7\u00e3o dos esquemas de trabalho por causa do home office at\u00e9, e principalmente, a import\u00e2ncia cada vez maior da empatia e da diversidade de opini\u00f5es no mundo corporativo. Conhe\u00e7a a seguir as empresas premiadas pelo Estad\u00e3o Empresas Mais 2020.<\/p>\n","protected":false},"excerpt":{"rendered":"<p>Cada uma em sua \u00e1rea de atua\u00e7\u00e3o, as maiores empresas do Brasil tiveram de ajustar rotas, mudar procedimentos e, principalmente, ter equipes e gestores muito aguerridos para conseguir acertar o rumo durante a pandemia, um processo at\u00e9 agora \u00fanico na vida de qualquer brasileiro em idade produtiva. \u00c9 por isso que o Estad\u00e3o Empresas Mais [&hellip;]<\/p>\n","protected":false},"author":2,"featured_media":0,"parent":0,"menu_order":0,"comment_status":"closed","ping_status":"closed","template":"","meta":{"_acf_changed":false,"footnotes":""},"class_list":["post-51480","page","type-page","status-publish","hentry"],"acf":[],"_links":{"self":[{"href":"https:\/\/publicacoes.estadao.com.br\/empresasmais2020\/wp-json\/wp\/v2\/pages\/51480","targetHints":{"allow":["GET"]}}],"collection":[{"href":"https:\/\/publicacoes.estadao.com.br\/empresasmais2020\/wp-json\/wp\/v2\/pages"}],"about":[{"href":"https:\/\/publicacoes.estadao.com.br\/empresasmais2020\/wp-json\/wp\/v2\/types\/page"}],"author":[{"embeddable":true,"href":"https:\/\/publicacoes.estadao.com.br\/empresasmais2020\/wp-json\/wp\/v2\/users\/2"}],"replies":[{"embeddable":true,"href":"https:\/\/publicacoes.estadao.com.br\/empresasmais2020\/wp-json\/wp\/v2\/comments?post=51480"}],"version-history":[{"count":4,"href":"https:\/\/publicacoes.estadao.com.br\/empresasmais2020\/wp-json\/wp\/v2\/pages\/51480\/revisions"}],"predecessor-version":[{"id":53142,"href":"https:\/\/publicacoes.estadao.com.br\/empresasmais2020\/wp-json\/wp\/v2\/pages\/51480\/revisions\/53142"}],"wp:attachment":[{"href":"https:\/\/publicacoes.estadao.com.br\/empresasmais2020\/wp-json\/wp\/v2\/media?parent=51480"}],"curies":[{"name":"wp","href":"https:\/\/api.w.org\/{rel}","templated":true}]}}