{"id":31146,"date":"2018-09-25T12:16:04","date_gmt":"2018-09-25T15:16:04","guid":{"rendered":"http:\/\/publicacoes.estadao.com.br\/empresasmais2018\/?page_id=31146"},"modified":"2020-12-15T23:37:02","modified_gmt":"2020-12-16T02:37:02","slug":"ranking-1500","status":"publish","type":"page","link":"https:\/\/publicacoes.estadao.com.br\/empresasmais2020\/ranking-1500\/","title":{"rendered":"Ranking 1500"},"content":{"rendered":"<p class=\"normal\">Reconhecer as maiores empresas do Pa\u00eds pelo porte apresentado \u00e9 o objetivo desta tabela. Dados como receita, ativos e Ebitda das empresas s\u00e3o avaliados dentro de uma linha de tempo de cinco anos, o que permite uma an\u00e1lise consistente da trajet\u00f3ria recente de cada empresa e tamb\u00e9m dos diferentes setores, segundo levantamento feito pela consultoria <strong>Austin<\/strong> em parceria com a <strong>Funda\u00e7\u00e3o Instituto de Administra\u00e7\u00e3o (FIA)<\/strong>.<br \/>\nO principal indicador resultante do processo, crit\u00e9rio para definir as posi\u00e7\u00f5es das <strong>1.500 empresas<\/strong> inclu\u00eddas no ranking, \u00e9 o Coeficiente de Impacto Estad\u00e3o (CIE). Trata-se da an\u00e1lise ponderada do porte e do desempenho de cada companhia.<\/p>\n","protected":false},"excerpt":{"rendered":"<p>Reconhecer as maiores empresas do Pa\u00eds pelo porte apresentado \u00e9 o objetivo desta tabela. Dados como receita, ativos e Ebitda das empresas s\u00e3o avaliados dentro de uma linha de tempo de cinco anos, o que permite uma an\u00e1lise consistente da trajet\u00f3ria recente de cada empresa e tamb\u00e9m dos diferentes setores, segundo levantamento feito pela consultoria [&hellip;]<\/p>\n","protected":false},"author":2,"featured_media":0,"parent":0,"menu_order":0,"comment_status":"closed","ping_status":"closed","template":"","meta":{"_acf_changed":false,"footnotes":""},"class_list":["post-31146","page","type-page","status-publish","hentry"],"acf":[],"_links":{"self":[{"href":"https:\/\/publicacoes.estadao.com.br\/empresasmais2020\/wp-json\/wp\/v2\/pages\/31146","targetHints":{"allow":["GET"]}}],"collection":[{"href":"https:\/\/publicacoes.estadao.com.br\/empresasmais2020\/wp-json\/wp\/v2\/pages"}],"about":[{"href":"https:\/\/publicacoes.estadao.com.br\/empresasmais2020\/wp-json\/wp\/v2\/types\/page"}],"author":[{"embeddable":true,"href":"https:\/\/publicacoes.estadao.com.br\/empresasmais2020\/wp-json\/wp\/v2\/users\/2"}],"replies":[{"embeddable":true,"href":"https:\/\/publicacoes.estadao.com.br\/empresasmais2020\/wp-json\/wp\/v2\/comments?post=31146"}],"version-history":[{"count":4,"href":"https:\/\/publicacoes.estadao.com.br\/empresasmais2020\/wp-json\/wp\/v2\/pages\/31146\/revisions"}],"predecessor-version":[{"id":53189,"href":"https:\/\/publicacoes.estadao.com.br\/empresasmais2020\/wp-json\/wp\/v2\/pages\/31146\/revisions\/53189"}],"wp:attachment":[{"href":"https:\/\/publicacoes.estadao.com.br\/empresasmais2020\/wp-json\/wp\/v2\/media?parent=31146"}],"curies":[{"name":"wp","href":"https:\/\/api.w.org\/{rel}","templated":true}]}}