{"id":20580,"date":"2017-09-14T18:11:19","date_gmt":"2017-09-14T21:11:19","guid":{"rendered":"http:\/\/localhost\/empresas-mais-2017\/wordpress\/?page_id=5"},"modified":"2020-12-15T23:01:21","modified_gmt":"2020-12-16T02:01:21","slug":"ranking-cie","status":"publish","type":"page","link":"https:\/\/publicacoes.estadao.com.br\/empresasmais2020\/ranking-cie\/","title":{"rendered":"Ranking CIE"},"content":{"rendered":"<p>Nessa tabela est\u00e3o listadas as <strong>100 empresas do Brasil<\/strong> que se destacaram segundo o <strong>Coeficiente de Impacto Estad\u00e3o\/FIA (CIE).<\/strong> O\u00a0\u00edndice \u00e9 resultado do cruzamento de informa\u00e7\u00f5es relativas ao porte e ao desempenho financeiro de cada empresa em seu respectivo setor.<br \/>\nDessa forma, o ranking posiciona as empresas de acordo com o respectivo \u00edndice CIE. A come\u00e7ar pela Companhia Brasileira de Metalurgia e Minera\u00e7\u00e3o (CBMM) que, com \u00edndice 93,12, recebeu a maior pontua\u00e7\u00e3o final e foi aclamada \u201cEmpresa do Ano\u201d. Como o objetivo dessa tabela \u00e9 destacar as 100 empresas que mais influenciam seus segmentos de mercado, segundo esse crit\u00e9rio, a lista se encerra na WEG Equipamentos (\u00edndice de 79,46).<\/p>\n","protected":false},"excerpt":{"rendered":"<p>Nessa tabela est\u00e3o listadas as 100 empresas do Brasil que se destacaram segundo o Coeficiente de Impacto Estad\u00e3o\/FIA (CIE). O\u00a0\u00edndice \u00e9 resultado do cruzamento de informa\u00e7\u00f5es relativas ao porte e ao desempenho financeiro de cada empresa em seu respectivo setor. Dessa forma, o ranking posiciona as empresas de acordo com o respectivo \u00edndice CIE. A [&hellip;]<\/p>\n","protected":false},"author":2,"featured_media":0,"parent":0,"menu_order":0,"comment_status":"closed","ping_status":"closed","template":"","meta":{"_acf_changed":false,"footnotes":""},"class_list":["post-20580","page","type-page","status-publish","hentry"],"acf":[],"_links":{"self":[{"href":"https:\/\/publicacoes.estadao.com.br\/empresasmais2020\/wp-json\/wp\/v2\/pages\/20580","targetHints":{"allow":["GET"]}}],"collection":[{"href":"https:\/\/publicacoes.estadao.com.br\/empresasmais2020\/wp-json\/wp\/v2\/pages"}],"about":[{"href":"https:\/\/publicacoes.estadao.com.br\/empresasmais2020\/wp-json\/wp\/v2\/types\/page"}],"author":[{"embeddable":true,"href":"https:\/\/publicacoes.estadao.com.br\/empresasmais2020\/wp-json\/wp\/v2\/users\/2"}],"replies":[{"embeddable":true,"href":"https:\/\/publicacoes.estadao.com.br\/empresasmais2020\/wp-json\/wp\/v2\/comments?post=20580"}],"version-history":[{"count":7,"href":"https:\/\/publicacoes.estadao.com.br\/empresasmais2020\/wp-json\/wp\/v2\/pages\/20580\/revisions"}],"predecessor-version":[{"id":53183,"href":"https:\/\/publicacoes.estadao.com.br\/empresasmais2020\/wp-json\/wp\/v2\/pages\/20580\/revisions\/53183"}],"wp:attachment":[{"href":"https:\/\/publicacoes.estadao.com.br\/empresasmais2020\/wp-json\/wp\/v2\/media?parent=20580"}],"curies":[{"name":"wp","href":"https:\/\/api.w.org\/{rel}","templated":true}]}}