{"id":13,"date":"2017-09-14T18:11:59","date_gmt":"2017-09-14T21:11:59","guid":{"rendered":"http:\/\/localhost\/empresas-mais-2017\/wordpress\/?page_id=13"},"modified":"2020-12-14T23:38:20","modified_gmt":"2020-12-15T02:38:20","slug":"metodologia","status":"publish","type":"page","link":"https:\/\/publicacoes.estadao.com.br\/empresasmais2020\/metodologia\/","title":{"rendered":"Metodologia"},"content":{"rendered":"<p>O trabalho de coleta e processamento dos dados financeiros que s\u00e3o a mat\u00e9ria-prima do <strong>Estad\u00e3o Empresas Mais<\/strong> j\u00e1 \u00e9 exaustivo por natureza, mas neste ano t\u00e3o desafiador ganhou contornos extras de dificuldade.<\/p>\n<p>Al\u00e9m das mudan\u00e7as na din\u00e2mica de trabalho das equipes envolvidas, transferidas para home office, houve a amplia\u00e7\u00e3o do prazo para que as empresas publicassem seus balan\u00e7os, concedida pelos \u00f3rg\u00e3os reguladores em fun\u00e7\u00e3o da pandemia. Com isso, a conclus\u00e3o do ranking precisou ser adiada por dois meses em rela\u00e7\u00e3o aos anos anteriores \u2013 a premia\u00e7\u00e3o normalmente ocorre em outubro.<\/p>\n<p>\u201cNos outros anos, muitas empresas j\u00e1 atrasavam normalmente a publica\u00e7\u00e3o do balan\u00e7o, pois a puni\u00e7\u00e3o para isso \u00e9 uma multa de baixo valor. Com a permiss\u00e3o oficial por conta da pandemia, a maior parte aderiu ao novo prazo\u201d, conta o economista-chefe da Austin Rating, Alex Agostini.<\/p>\n<p>A Austin \u00e9 parceira da Funda\u00e7\u00e3o Instituto de Administra\u00e7\u00e3o (FIA) no processo do Empresas Mais, baseado numa metodologia desenvolvida por um grupo de especialistas. Dados como receita, ativos e Ebitda das empresas s\u00e3o avaliados dentro de uma linha de tempo de cinco anos, o que permite\u00a0 uma an\u00e1lise consistente da trajet\u00f3ria recente de cada empresa e tamb\u00e9m dos diferentes setores.<\/p>\n<p>Apesar de todas as dificuldades deste ano at\u00edpico, o processo incluiu as informa\u00e7\u00f5es da maioria das empresas mais relevantes em cada setor. Manteve-se a margem de corte adotada no ano anterior \u2013 receita bruta acima de R$ 200 milh\u00f5es.<\/p>\n<p>O principal indicador resultante do processo, crit\u00e9rio para definir as posi\u00e7\u00f5es das 1.500 empresas inclu\u00eddas no ranking, \u00e9 o Coeficiente de Impacto Estad\u00e3o (CIE). Trata-se da an\u00e1lise ponderada do porte e do desempenho de cada companhia.<\/p>\n<h4>Janela para boas pr\u00e1ticas<\/h4>\n<p>Todo o processo do Empresas Mais \u00e9 pensado para agrupar as empresas de forma coerente. As empresas s\u00e3o classificadas em 24 setores, divis\u00e3o feita com base na Classifica\u00e7\u00e3o Nacional de Atividades Econ\u00f4micas (Cnae) do Instituto Brasileiro de Geografia e Estat\u00edstica (IBGE). Alguns agrupamentos adicionais foram realizados para amenizar a fragmenta\u00e7\u00e3o excessiva dentro de um mesmo setor, o que reduziria a qualidade estat\u00edstica dos<br \/>\nresultados setoriais.<\/p>\n<p>Empresas com dados incompletos ou que registraram receitas, ativos ou Ebitda negativos foram exclu\u00eddas da an\u00e1lise. O resultado \u00e9 um ranking confi\u00e1vel nos diferentes setores econ\u00f4micos e que identifica, tamb\u00e9m, destaques regionais.<\/p>\n<p>Um dos objetivos do Empresas Mais \u00e9 valorizar as melhores pr\u00e1ticas de inova\u00e7\u00e3o empresarial e de governan\u00e7a corporativa desenvolvidas pelas grandes corpora\u00e7\u00f5es brasileiras. Considerando-se esse objetivo, mudan\u00e7as em andamento no mercado \u2013 algumas delas diretamente impulsionadas pela pandemia \u2013 tendem a provocar ajustes na metodologia para o pr\u00f3ximo ano.<\/p>\n<blockquote><p>\u201cAs empresas ser\u00e3o cada vez mais avaliadas, inclusive por investidores, pela forma como lidam com os princ\u00edpios de ESG&#8221;<br \/>\nAlex Agostini, economista-chefe da Austin Rating<\/p><\/blockquote>\n<p>Um tema que certamente ganhar\u00e1 peso, adianta o economista-chefe da Austin, s\u00e3o os princ\u00edpios de ESG \u2013 sigla em ingl\u00eas para meio ambiente, social e governan\u00e7a (environmental, social and governance), as tr\u00eas dimens\u00f5es envolvidas numa nova vis\u00e3o de sustentabilidade, mais ampla e hol\u00edstica. \u201cAs empresas ser\u00e3o cada vez mais avaliadas, inclusive por investidores, pela forma como lidam com essas quest\u00f5es. O Empresas Mais \u00e9 uma grande janela para que elas mostrem as suas boas pr\u00e1ticas\u201d, avalia Agostini.<\/p>\n","protected":false},"excerpt":{"rendered":"<p>O trabalho de coleta e processamento dos dados financeiros que s\u00e3o a mat\u00e9ria-prima do Estad\u00e3o Empresas Mais j\u00e1 \u00e9 exaustivo por natureza, mas neste ano t\u00e3o desafiador ganhou contornos extras de dificuldade. Al\u00e9m das mudan\u00e7as na din\u00e2mica de trabalho das equipes envolvidas, transferidas para home office, houve a amplia\u00e7\u00e3o do prazo para que as empresas [&hellip;]<\/p>\n","protected":false},"author":2,"featured_media":0,"parent":0,"menu_order":0,"comment_status":"closed","ping_status":"closed","template":"","meta":{"_acf_changed":false,"footnotes":""},"class_list":["post-13","page","type-page","status-publish","hentry"],"acf":[],"_links":{"self":[{"href":"https:\/\/publicacoes.estadao.com.br\/empresasmais2020\/wp-json\/wp\/v2\/pages\/13","targetHints":{"allow":["GET"]}}],"collection":[{"href":"https:\/\/publicacoes.estadao.com.br\/empresasmais2020\/wp-json\/wp\/v2\/pages"}],"about":[{"href":"https:\/\/publicacoes.estadao.com.br\/empresasmais2020\/wp-json\/wp\/v2\/types\/page"}],"author":[{"embeddable":true,"href":"https:\/\/publicacoes.estadao.com.br\/empresasmais2020\/wp-json\/wp\/v2\/users\/2"}],"replies":[{"embeddable":true,"href":"https:\/\/publicacoes.estadao.com.br\/empresasmais2020\/wp-json\/wp\/v2\/comments?post=13"}],"version-history":[{"count":6,"href":"https:\/\/publicacoes.estadao.com.br\/empresasmais2020\/wp-json\/wp\/v2\/pages\/13\/revisions"}],"predecessor-version":[{"id":51469,"href":"https:\/\/publicacoes.estadao.com.br\/empresasmais2020\/wp-json\/wp\/v2\/pages\/13\/revisions\/51469"}],"wp:attachment":[{"href":"https:\/\/publicacoes.estadao.com.br\/empresasmais2020\/wp-json\/wp\/v2\/media?parent=13"}],"curies":[{"name":"wp","href":"https:\/\/api.w.org\/{rel}","templated":true}]}}