{"id":31146,"date":"2018-09-25T12:16:04","date_gmt":"2018-09-25T15:16:04","guid":{"rendered":"http:\/\/publicacoes.estadao.com.br\/empresasmais2018\/?page_id=31146"},"modified":"2018-09-25T16:15:14","modified_gmt":"2018-09-25T19:15:14","slug":"ranking-1500","status":"publish","type":"page","link":"https:\/\/publicacoes.estadao.com.br\/empresasmais2018\/ranking-1500\/","title":{"rendered":"Ranking 1500"},"content":{"rendered":"<p>Reconhecer as maiores empresas do Pa\u00eds pelo porte apresentado em 2017 \u00e9 o objetivo da tabela. Nela, s\u00e3o ranqueadas as 1.500 maiores empresas brasileiras com base na receita l\u00edquida auferida em 2017, segundo levantamento feito pela consultoria Austin. Al\u00e9m desse \u00edndice, foram registrados outros indicadores, como evolu\u00e7\u00e3o da receita l\u00edquida, ativos totais, lucro ou preju\u00edzo operacional, Ebitda, margem de lucro, retorno sobre o capital, entre outros \u00edndices que atestam a sa\u00fade financeira das companhias brasileiras.<\/p>\n","protected":false},"excerpt":{"rendered":"<p>Reconhecer as maiores empresas do Pa\u00eds pelo porte apresentado em 2017 \u00e9 o objetivo da tabela. Nela, s\u00e3o ranqueadas as 1.500 maiores empresas brasileiras com base na receita l\u00edquida auferida em 2017, segundo levantamento feito pela consultoria Austin. Al\u00e9m desse \u00edndice, foram registrados outros indicadores, como evolu\u00e7\u00e3o da receita l\u00edquida, ativos totais, lucro ou preju\u00edzo [&hellip;]<\/p>\n","protected":false},"author":5,"featured_media":0,"parent":0,"menu_order":0,"comment_status":"closed","ping_status":"closed","template":"","meta":{"_acf_changed":false,"footnotes":""},"class_list":["post-31146","page","type-page","status-publish","hentry"],"acf":[],"_links":{"self":[{"href":"https:\/\/publicacoes.estadao.com.br\/empresasmais2018\/wp-json\/wp\/v2\/pages\/31146","targetHints":{"allow":["GET"]}}],"collection":[{"href":"https:\/\/publicacoes.estadao.com.br\/empresasmais2018\/wp-json\/wp\/v2\/pages"}],"about":[{"href":"https:\/\/publicacoes.estadao.com.br\/empresasmais2018\/wp-json\/wp\/v2\/types\/page"}],"author":[{"embeddable":true,"href":"https:\/\/publicacoes.estadao.com.br\/empresasmais2018\/wp-json\/wp\/v2\/users\/5"}],"replies":[{"embeddable":true,"href":"https:\/\/publicacoes.estadao.com.br\/empresasmais2018\/wp-json\/wp\/v2\/comments?post=31146"}],"version-history":[{"count":3,"href":"https:\/\/publicacoes.estadao.com.br\/empresasmais2018\/wp-json\/wp\/v2\/pages\/31146\/revisions"}],"predecessor-version":[{"id":31197,"href":"https:\/\/publicacoes.estadao.com.br\/empresasmais2018\/wp-json\/wp\/v2\/pages\/31146\/revisions\/31197"}],"wp:attachment":[{"href":"https:\/\/publicacoes.estadao.com.br\/empresasmais2018\/wp-json\/wp\/v2\/media?parent=31146"}],"curies":[{"name":"wp","href":"https:\/\/api.w.org\/{rel}","templated":true}]}}