{"id":29375,"date":"2018-09-24T18:27:19","date_gmt":"2018-09-24T21:27:19","guid":{"rendered":"http:\/\/publicacoes.estadao.com.br\/empresasmais2018\/?page_id=29375"},"modified":"2018-09-25T17:23:11","modified_gmt":"2018-09-25T20:23:11","slug":"grandes-grupos","status":"publish","type":"page","link":"https:\/\/publicacoes.estadao.com.br\/empresasmais2018\/grandes-grupos\/","title":{"rendered":"Ranking Grandes Grupos"},"content":{"rendered":"<p>Neste ano, o estudo <b>Estad\u00e3o Empresas Mais<\/b> analisou separadamente empresas individuais e holdings. O objetivo foi tornar o levantamento mais pr\u00f3ximo da realidade dos setores econ\u00f4micos e identificar as empresas junto a companhias de seus setores e reconhecer a atua\u00e7\u00e3o de grandes conglomerados, que muitas vezes atuam em diferentes segmentos. Para isso, a Austin e a FIA analisaram as companhias de forma individual (tabela CIE\/Individuais), focando em suas atividades, com os respectivos portes e desempenho. Separadamente, foram analisadas a empresa e suas controladas diretas ou indiretas que constituem diferentes holdings e est\u00e3o classificadas na tabela CIE\/Grupos.<\/p>\n<p>&nbsp;<\/p>\n<p class=\"p1\">\n","protected":false},"excerpt":{"rendered":"<p>Neste ano, o estudo Estad\u00e3o Empresas Mais analisou separadamente empresas individuais e holdings. O objetivo foi tornar o levantamento mais pr\u00f3ximo da realidade dos setores econ\u00f4micos e identificar as empresas junto a companhias de seus setores e reconhecer a atua\u00e7\u00e3o de grandes conglomerados, que muitas vezes atuam em diferentes segmentos. Para isso, a Austin e [&hellip;]<\/p>\n","protected":false},"author":5,"featured_media":0,"parent":0,"menu_order":0,"comment_status":"closed","ping_status":"closed","template":"","meta":{"_acf_changed":false,"footnotes":""},"class_list":["post-29375","page","type-page","status-publish","hentry"],"acf":[],"_links":{"self":[{"href":"https:\/\/publicacoes.estadao.com.br\/empresasmais2018\/wp-json\/wp\/v2\/pages\/29375","targetHints":{"allow":["GET"]}}],"collection":[{"href":"https:\/\/publicacoes.estadao.com.br\/empresasmais2018\/wp-json\/wp\/v2\/pages"}],"about":[{"href":"https:\/\/publicacoes.estadao.com.br\/empresasmais2018\/wp-json\/wp\/v2\/types\/page"}],"author":[{"embeddable":true,"href":"https:\/\/publicacoes.estadao.com.br\/empresasmais2018\/wp-json\/wp\/v2\/users\/5"}],"replies":[{"embeddable":true,"href":"https:\/\/publicacoes.estadao.com.br\/empresasmais2018\/wp-json\/wp\/v2\/comments?post=29375"}],"version-history":[{"count":3,"href":"https:\/\/publicacoes.estadao.com.br\/empresasmais2018\/wp-json\/wp\/v2\/pages\/29375\/revisions"}],"predecessor-version":[{"id":31211,"href":"https:\/\/publicacoes.estadao.com.br\/empresasmais2018\/wp-json\/wp\/v2\/pages\/29375\/revisions\/31211"}],"wp:attachment":[{"href":"https:\/\/publicacoes.estadao.com.br\/empresasmais2018\/wp-json\/wp\/v2\/media?parent=29375"}],"curies":[{"name":"wp","href":"https:\/\/api.w.org\/{rel}","templated":true}]}}