{"id":29373,"date":"2018-09-24T18:20:37","date_gmt":"2018-09-24T21:20:37","guid":{"rendered":"http:\/\/publicacoes.estadao.com.br\/empresasmais2018\/?page_id=29373"},"modified":"2018-09-25T18:27:23","modified_gmt":"2018-09-25T21:27:23","slug":"setores","status":"publish","type":"page","link":"https:\/\/publicacoes.estadao.com.br\/empresasmais2018\/setores\/","title":{"rendered":"Setores"},"content":{"rendered":"<p class=\"p1\"><span class=\"s1\">S<\/span><span class=\"s1\">e existe uma unanimidade entre os l\u00edderes de diferentes setores da economia brasileira, \u00e9 o fato de que os anos de 2015 e 2016 marcaram uma das fases econ\u00f4micas mais terr\u00edveis da hist\u00f3ria recente do Pa\u00eds. Desemprego em alta, redu\u00e7\u00e3o no consumo, incertezas pol\u00edticas, falta de infraestrutura, impostos volumosos&#8230; Todos esses ingredientes se tornaram elementos triviais no dia a dia do brasileiro. No ano passado, por\u00e9m, mesmo que boa parte dessas quest\u00f5es n\u00e3o tenha sido resolvida, muitas empresas voltaram a encontrar o caminho do crescimento. Setores como o de alimentos e bebidas, farmac\u00eautico, atacado e distribui\u00e7\u00e3o, entre outros, conseguiram vencer as intemp\u00e9ries e alcan\u00e7ar resultados positivos. \u201cMesmo em um cen\u00e1rio adverso, conseguimos crescer de forma consistente, principalmente porque mantivemos o foco no servi\u00e7o e nos bons pre\u00e7os praticados junto ao varejo\u201d, explica Emerson Luiz Destro, presidente da Associa\u00e7\u00e3o Brasileira de Atacadistas e Distribuidores (Abad).<\/span><\/p>\n<p class=\"p3\">A situa\u00e7\u00e3o se repete no segmento de alimentos e bebidas. Enquanto o incremento do Produto Interno Bruto foi de 1%, em termos reais a produ\u00e7\u00e3o f\u00edsica da ind\u00fastria da alimenta\u00e7\u00e3o aumentou 1,25% e a evolu\u00e7\u00e3o das vendas foi de 1,3%, sendo que a gera\u00e7\u00e3o de alimentos, que representa 81% do segmento, atingiu R$ 520,5 bilh\u00f5es, com expans\u00e3o nominal de 4,7%. J\u00e1 a ind\u00fastria de bebidas alcan\u00e7ou o patamar de R$ 121,9 bilh\u00f5es, avan\u00e7o nominal de 4,2%. Um dos impulsionadores dessa ind\u00fastria e de outras foi o olhar para o mercado externo. \u201cEm 2017, nossas exporta\u00e7\u00f5es representaram 19,3% da produ\u00e7\u00e3o total de alimentos e bebidas, atingindo o patamar de US$ 38,8 bilh\u00f5es em alimentos processados, com crescimento em d\u00f3lar de 6,6%\u201d, comenta Jo\u00e3o Dornellas, presidente executivo da Associa\u00e7\u00e3o Brasileira das Ind\u00fastrias de Alimenta\u00e7\u00e3o (Abia).<\/p>\n<p class=\"p3\">De acordo com o s\u00f3cio da A.T. Kearney Brasil, Esteban Bowles, o ano passado foi de recupera\u00e7\u00e3o depois de dois ou tr\u00eas anos de queda, tanto no mercado de bens de consumo como no varejo. \u201cEm linhas gerais, foi uma recupera\u00e7\u00e3o positiva. O segundo semestre foi melhor, com um cen\u00e1rio mais otimista e n\u00edvel de confian\u00e7a maior. Tudo isso puxado por alguns elementos importantes, como a desacelera\u00e7\u00e3o da infla\u00e7\u00e3o, a redu\u00e7\u00e3o da taxa de juros e do desemprego\u201d, explica, lembrando que essas tr\u00eas condi\u00e7\u00f5es levaram a um aumento no consumo em geral.<\/p>\n<p class=\"p3\"><span class=\"s1\">Para Marc\u00edlio Pousada, presidente da RD Raia Drogasil, campe\u00e3 do ranking <b>Estad\u00e3o Empresas Mais<\/b>, os resultados positivos da RD demonstram o acerto da estrat\u00e9gia ousada que fundiu duas das mais tradicionais marcas do mercado brasileiro mesmo em um cen\u00e1rio adverso. \u201cEram empresas quase centen\u00e1rias e o neg\u00f3cio foi feito com o objetivo claro de consolidar o mercado brasileiro de farm\u00e1cias\u201d, diz, lembrando que na \u00e9poca da fus\u00e3o a rede contava com 800 lojas e hoje ultrapassa as 1,7 mil lojas. Passada a fase de alinhamento das duas culturas, Pousada reconhece que desde 2014 a empresa vem obtendo resultados positivos, mesmo com a crise vivida at\u00e9 2016. <\/span><\/p>\n<p class=\"p3\"><span class=\"s1\">O executivo continua otimista e investindo agora em inova\u00e7\u00f5es. Para ele, o mercado farmac\u00eautico ainda tem muito que crescer, o que o faz prever que a rede tamb\u00e9m tem espa\u00e7o para ampliar suas atividades. \u201cO Pa\u00eds est\u00e1 envelhecendo de forma \u00fanica e estaremos aqui para oferecer o que as pessoas v\u00e3o precisar\u201d, revela. Para isso, al\u00e9m da expans\u00e3o f\u00edsica, a rede aposta em outras frentes. Uma delas \u00e9 proporcionar uma experi\u00eancia digital centrada no consumidor. A RD pretende incrementar seu banco de dados \u00fanico, que resulta de um programa de fidelidade, para criar uma experi\u00eancia digital integrada, baseada no varejo multicanal, no oferecimento personalizado de produtos e servi\u00e7os e em um alto n\u00edvel de engajamento dos clientes em loja, nos aplicativos, nos sites e nas m\u00eddias sociais. <\/span><\/p>\n<p class=\"p3\"><span class=\"s1\">Quem tamb\u00e9m est\u00e1 investindo em inova\u00e7\u00f5es para melhorar os resultados \u00e9 o Grupo Ra\u00edzen, primeiro lugar no ranking de grandes grupos do estudo. O presidente da empresa, Lu\u00eds Henrique Guimar\u00e3es, conta que vem utilizando intelig\u00eancia artificial e processamento de algoritmo para ajudar na produ\u00e7\u00e3o. \u201cInauguramos em 2017 o Pulse, hub de inova\u00e7\u00e3o que funciona como espa\u00e7o de coworking em Piracicaba, no interior de S\u00e3o Paulo.\u201d A iniciativa colabora diretamente com o desenvolvimento de 15 startups. Dessas, 11 j\u00e1 t\u00eam projetos-piloto sendo testados na pr\u00f3pria Ra\u00edzen.<\/span><\/p>\n<p class=\"p3\">Mas n\u00e3o s\u00f3 essas empresas est\u00e3o crescendo e investindo em inova\u00e7\u00f5es. Confira no\u00a0<span class=\"s1\"><b>Estad\u00e3o Empresas Mais<\/b><\/span> as estrat\u00e9gias de mais de 60 companhias que atuam em 23 segmentos da economia para manter resultados positivos.<\/p>\n","protected":false},"excerpt":{"rendered":"<p>Se existe uma unanimidade entre os l\u00edderes de diferentes setores da economia brasileira, \u00e9 o fato de que os anos de 2015 e 2016 marcaram uma das fases econ\u00f4micas mais terr\u00edveis da hist\u00f3ria recente do Pa\u00eds. Desemprego em alta, redu\u00e7\u00e3o no consumo, incertezas pol\u00edticas, falta de infraestrutura, impostos volumosos&#8230; Todos esses ingredientes se tornaram elementos [&hellip;]<\/p>\n","protected":false},"author":5,"featured_media":0,"parent":0,"menu_order":0,"comment_status":"closed","ping_status":"closed","template":"","meta":{"_acf_changed":false,"footnotes":""},"class_list":["post-29373","page","type-page","status-publish","hentry"],"acf":[],"_links":{"self":[{"href":"https:\/\/publicacoes.estadao.com.br\/empresasmais2018\/wp-json\/wp\/v2\/pages\/29373","targetHints":{"allow":["GET"]}}],"collection":[{"href":"https:\/\/publicacoes.estadao.com.br\/empresasmais2018\/wp-json\/wp\/v2\/pages"}],"about":[{"href":"https:\/\/publicacoes.estadao.com.br\/empresasmais2018\/wp-json\/wp\/v2\/types\/page"}],"author":[{"embeddable":true,"href":"https:\/\/publicacoes.estadao.com.br\/empresasmais2018\/wp-json\/wp\/v2\/users\/5"}],"replies":[{"embeddable":true,"href":"https:\/\/publicacoes.estadao.com.br\/empresasmais2018\/wp-json\/wp\/v2\/comments?post=29373"}],"version-history":[{"count":4,"href":"https:\/\/publicacoes.estadao.com.br\/empresasmais2018\/wp-json\/wp\/v2\/pages\/29373\/revisions"}],"predecessor-version":[{"id":31255,"href":"https:\/\/publicacoes.estadao.com.br\/empresasmais2018\/wp-json\/wp\/v2\/pages\/29373\/revisions\/31255"}],"wp:attachment":[{"href":"https:\/\/publicacoes.estadao.com.br\/empresasmais2018\/wp-json\/wp\/v2\/media?parent=29373"}],"curies":[{"name":"wp","href":"https:\/\/api.w.org\/{rel}","templated":true}]}}