{"id":13,"date":"2017-09-14T18:11:59","date_gmt":"2017-09-14T21:11:59","guid":{"rendered":"http:\/\/localhost\/empresas-mais-2017\/wordpress\/?page_id=13"},"modified":"2018-09-25T13:08:07","modified_gmt":"2018-09-25T16:08:07","slug":"metodologia","status":"publish","type":"page","link":"https:\/\/publicacoes.estadao.com.br\/empresasmais2018\/metodologia\/","title":{"rendered":"Metodologia"},"content":{"rendered":"<p class=\"p1\">Estabelecer um ranking que apresente as empresas que melhor influenciaram seus setores de atua\u00e7\u00e3o n\u00e3o \u00e9 exatamente uma tarefa simples. Para chegar a uma lista clara e objetiva, \u00e9 necess\u00e1rio reunir bases de informa\u00e7\u00f5es hist\u00f3ricas, consolidar dados, ponderar os crit\u00e9rios mais relevantes e, ent\u00e3o, encontrar aquelas que n\u00e3o apenas s\u00e3o as maiores, mas tamb\u00e9m apresentaram melhor desempenho e consist\u00eancia de resultados nos \u00faltimos quatro anos. Para resolver essa equa\u00e7\u00e3o, <b>O Estado de S. Paulo<\/b> contou com a valiosa parceria da FIA \u2013 Funda\u00e7\u00e3o Instituto de Administra\u00e7\u00e3o e da Austin Rating, ag\u00eancia classificadora de riscos. Combinando as especialidades de cada um desses parceiros, foi poss\u00edvel estabelecer n\u00e3o apenas o ranking das 1.500 maiores empresas do Brasil, com base no faturamento apurado pela Austin, mas tamb\u00e9m encontrar aquelas que tiveram maior impacto em seus setores, unindo seu porte a um desempenho acima da m\u00e9dia.<\/p>\n<p class=\"p3\"><span class=\"s1\">Assim, as companhias que se destacam na lista das 100 Empresas Mais s\u00e3o as maiores e as de melhor desempenho financeiro em 2017 no seu setor. O indicador de impacto para cada empresa \u00e9 o Coeficiente de Impacto Estad\u00e3o (CIE), que \u00e9 a pondera\u00e7\u00e3o de duas m\u00e9tricas com escala de 0 a 100:<\/span><\/p>\n<p><img loading=\"lazy\" decoding=\"async\" class=\"alignnone size-full wp-image-29361\" src=\"https:\/\/publicacoes.estadao.com.br\/empresasmais2018\/wp-content\/uploads\/2018\/09\/Captura-de-Tela-2018-09-24-a\u0300s-18.06.17.png\" alt=\"\" width=\"248\" height=\"234\" \/><\/p>\n<h2>Quadrante de alto impacto<\/h2>\n<p class=\"p1\">O gr\u00e1fico abaixo ilustra a distribui\u00e7\u00e3o das cerca de 100 empresas mais impactantes analisadas em termos de <b>porte<\/b> e <b>desempenho<\/b>. A maior \u00e1rea destacada no canto superior direito do gr\u00e1fico seleciona as corpora\u00e7\u00f5es com coeficiente de impacto maior ou igual a 80.<\/p>\n<p><img loading=\"lazy\" decoding=\"async\" class=\"alignnone size-full wp-image-29364\" src=\"https:\/\/publicacoes.estadao.com.br\/empresasmais2018\/wp-content\/uploads\/2018\/09\/Captura-de-Tela-2018-09-24-a\u0300s-18.06.34.png\" alt=\"\" width=\"369\" height=\"293\" srcset=\"https:\/\/publicacoes.estadao.com.br\/empresasmais2018\/wp-content\/uploads\/2018\/09\/Captura-de-Tela-2018-09-24-a\u0300s-18.06.34.png 369w, https:\/\/publicacoes.estadao.com.br\/empresasmais2018\/wp-content\/uploads\/2018\/09\/Captura-de-Tela-2018-09-24-a\u0300s-18.06.34-300x238.png 300w\" sizes=\"auto, (max-width: 369px) 100vw, 369px\" \/><\/p>\n<p class=\"p1\">Entre as empresas no Quadrante de Impacto com o Coeficiente de Impacto igual ou superior a 80, est\u00e3o as do Coeficiente de Impacto Estad\u00e3o. Esse grupo aparece na \u00e1rea menor destacada no canto superior direito do gr\u00e1fico acima.<\/p>\n<p class=\"p1\"><strong>Base de dados<\/strong><\/p>\n<p class=\"p2\"><span class=\"s1\">Foram utilizadas duas fontes de dados de empresas abertas e fechadas que atuam no mercado brasileiro, divididas em 23 segmentos econ\u00f4micos:<\/span><\/p>\n<p><img loading=\"lazy\" decoding=\"async\" class=\"alignnone size-full wp-image-29369\" src=\"https:\/\/publicacoes.estadao.com.br\/empresasmais2018\/wp-content\/uploads\/2018\/09\/Captura-de-Tela-2018-09-24-a\u0300s-18.09.16.png\" alt=\"\" width=\"291\" height=\"171\" \/><\/p>\n<p class=\"p1\"><span class=\"s1\">\u00c9 importante refor\u00e7ar que, para efeito do ranking estabelecido pelo CIE, s\u00f3 foram consideradas empresas que tinham todos os dados necess\u00e1rios dos \u00faltimos quatro anos \u2013 com informa\u00e7\u00f5es de desempenho de 2014 a 2017. Assim, \u00e9 poss\u00edvel avaliar a consist\u00eancia de seus resultados ao longo do tempo. <\/span><\/p>\n<p class=\"p2\"><span class=\"s1\">A categoriza\u00e7\u00e3o das empresas por setores foi efetuada de acordo com a classifica\u00e7\u00e3o oficial da Classifica\u00e7\u00e3o Nacional das Atividades Econ\u00f4micas (CNAE) do IBGE, \u00e0 qual foram feitos agrupamentos para evitar a excessiva fragmenta\u00e7\u00e3o do n\u00famero de institui\u00e7\u00f5es entre setores, o que reduziria a qualidade estat\u00edstica dos resultados obtidos setorialmente. Esse crit\u00e9rio, entre outros pontos importantes, agrupa empresas que atuam dentro de perfis de tributa\u00e7\u00e3o semelhantes. Para melhor categoriza\u00e7\u00e3o, foi feita uma filtragem na base de dados das empresas, procurando agrup\u00e1-las de maneira mais coerente. Foram tamb\u00e9m desconsideradas as companhias com faturamento anual inferior a R$ 100 milh\u00f5es e aquelas com informa\u00e7\u00f5es incompletas para o per\u00edodo analisado. Tamb\u00e9m foram filtradas as empresas com receitas ou ativos negativos e aquelas cujo Ebitda negativo seja, em termos absolutos, maior que o ativo. <\/span><\/p>\n<p class=\"p2\">Neste ano, foram separadas na an\u00e1lise as companhias individuais e os grupos empresariais, que re\u00fanem duas ou mais empresas, muitas vezes atuantes em diferentes segmentos da economia. O objetivo foi tornar o estudo mais pr\u00f3ximo da realidade dos setores econ\u00f4micos. Para isso, a Austin e a FIA analisaram as companhias de forma individual (tabela CIE\/Individuais), focando em suas atividades, com os respectivos portes e desempenho. Separadamente, foram analisadas a empresa e suas controladas diretas ou indiretas que constituem diferentes holdings e est\u00e3o classificadas na tabela CIE\/Grupos.<\/p>\n","protected":false},"excerpt":{"rendered":"<p>Estabelecer um ranking que apresente as empresas que melhor influenciaram seus setores de atua\u00e7\u00e3o n\u00e3o \u00e9 exatamente uma tarefa simples. Para chegar a uma lista clara e objetiva, \u00e9 necess\u00e1rio reunir bases de informa\u00e7\u00f5es hist\u00f3ricas, consolidar dados, ponderar os crit\u00e9rios mais relevantes e, ent\u00e3o, encontrar aquelas que n\u00e3o apenas s\u00e3o as maiores, mas tamb\u00e9m apresentaram [&hellip;]<\/p>\n","protected":false},"author":5,"featured_media":0,"parent":0,"menu_order":0,"comment_status":"closed","ping_status":"closed","template":"","meta":{"_acf_changed":false,"footnotes":""},"class_list":["post-13","page","type-page","status-publish","hentry"],"acf":[],"_links":{"self":[{"href":"https:\/\/publicacoes.estadao.com.br\/empresasmais2018\/wp-json\/wp\/v2\/pages\/13","targetHints":{"allow":["GET"]}}],"collection":[{"href":"https:\/\/publicacoes.estadao.com.br\/empresasmais2018\/wp-json\/wp\/v2\/pages"}],"about":[{"href":"https:\/\/publicacoes.estadao.com.br\/empresasmais2018\/wp-json\/wp\/v2\/types\/page"}],"author":[{"embeddable":true,"href":"https:\/\/publicacoes.estadao.com.br\/empresasmais2018\/wp-json\/wp\/v2\/users\/5"}],"replies":[{"embeddable":true,"href":"https:\/\/publicacoes.estadao.com.br\/empresasmais2018\/wp-json\/wp\/v2\/comments?post=13"}],"version-history":[{"count":4,"href":"https:\/\/publicacoes.estadao.com.br\/empresasmais2018\/wp-json\/wp\/v2\/pages\/13\/revisions"}],"predecessor-version":[{"id":31176,"href":"https:\/\/publicacoes.estadao.com.br\/empresasmais2018\/wp-json\/wp\/v2\/pages\/13\/revisions\/31176"}],"wp:attachment":[{"href":"https:\/\/publicacoes.estadao.com.br\/empresasmais2018\/wp-json\/wp\/v2\/media?parent=13"}],"curies":[{"name":"wp","href":"https:\/\/api.w.org\/{rel}","templated":true}]}}