{"id":9,"date":"2017-09-14T18:11:42","date_gmt":"2017-09-14T21:11:42","guid":{"rendered":"http:\/\/localhost\/empresas-mais-2017\/wordpress\/?page_id=9"},"modified":"2017-09-27T17:46:46","modified_gmt":"2017-09-27T20:46:46","slug":"ranking-1500","status":"publish","type":"page","link":"https:\/\/publicacoes.estadao.com.br\/empresasmais2017\/ranking-1500\/","title":{"rendered":"Ranking 1500"},"content":{"rendered":"<p>A tabela traz as 1.500 maiores empresas brasileiras, classificadas pela receita l\u00edquida obtida em 2016, segundo levantamento feito pela consultoria de avalia\u00e7\u00e3o de risco Austin Rating. Este levantamento cont\u00e9m tamb\u00e9m indicadores como evolu\u00e7\u00e3o da receita l\u00edquida, ativos totais, lucro ou preju\u00edzo operacional, EBITDA, margem de lucro, retorno sobre o capital, entre outros que atestam a sa\u00fade financeira das corpora\u00e7\u00f5es brasileiras.<\/p>\n","protected":false},"excerpt":{"rendered":"<p>A tabela traz as 1.500 maiores empresas brasileiras, classificadas pela receita l\u00edquida obtida em 2016, segundo levantamento feito pela consultoria de avalia\u00e7\u00e3o de risco Austin Rating. Este levantamento cont\u00e9m tamb\u00e9m indicadores como evolu\u00e7\u00e3o da receita l\u00edquida, ativos totais, lucro ou preju\u00edzo operacional, EBITDA, margem de lucro, retorno sobre o capital, entre outros que atestam a [&hellip;]<\/p>\n","protected":false},"author":4,"featured_media":22457,"parent":0,"menu_order":0,"comment_status":"closed","ping_status":"closed","template":"","meta":{"_acf_changed":false,"footnotes":""},"class_list":["post-9","page","type-page","status-publish","has-post-thumbnail","hentry"],"acf":[],"_links":{"self":[{"href":"https:\/\/publicacoes.estadao.com.br\/empresasmais2017\/wp-json\/wp\/v2\/pages\/9","targetHints":{"allow":["GET"]}}],"collection":[{"href":"https:\/\/publicacoes.estadao.com.br\/empresasmais2017\/wp-json\/wp\/v2\/pages"}],"about":[{"href":"https:\/\/publicacoes.estadao.com.br\/empresasmais2017\/wp-json\/wp\/v2\/types\/page"}],"author":[{"embeddable":true,"href":"https:\/\/publicacoes.estadao.com.br\/empresasmais2017\/wp-json\/wp\/v2\/users\/4"}],"replies":[{"embeddable":true,"href":"https:\/\/publicacoes.estadao.com.br\/empresasmais2017\/wp-json\/wp\/v2\/comments?post=9"}],"version-history":[{"count":2,"href":"https:\/\/publicacoes.estadao.com.br\/empresasmais2017\/wp-json\/wp\/v2\/pages\/9\/revisions"}],"predecessor-version":[{"id":24121,"href":"https:\/\/publicacoes.estadao.com.br\/empresasmais2017\/wp-json\/wp\/v2\/pages\/9\/revisions\/24121"}],"wp:featuredmedia":[{"embeddable":true,"href":"https:\/\/publicacoes.estadao.com.br\/empresasmais2017\/wp-json\/wp\/v2\/media\/22457"}],"wp:attachment":[{"href":"https:\/\/publicacoes.estadao.com.br\/empresasmais2017\/wp-json\/wp\/v2\/media?parent=9"}],"curies":[{"name":"wp","href":"https:\/\/api.w.org\/{rel}","templated":true}]}}