{"id":20580,"date":"2017-09-14T18:11:19","date_gmt":"2017-09-14T21:11:19","guid":{"rendered":"http:\/\/localhost\/empresas-mais-2017\/wordpress\/?page_id=5"},"modified":"2017-09-26T20:37:35","modified_gmt":"2017-09-26T23:37:35","slug":"ranking-qi","status":"publish","type":"page","link":"https:\/\/publicacoes.estadao.com.br\/empresasmais2017\/ranking-qi\/","title":{"rendered":"Ranking QI"},"content":{"rendered":"<p>Aqui est\u00e3o as 100 companhias do Brasil que se destacaram segundo o Quadrante de Impacto Estad\u00e3o\/FIA (QI). Como consta da reportagem sobre a metodologia do estudo que fundamenta a publica\u00e7\u00e3o Estad\u00e3o Empresas Mais, esse \u00edndice \u00e9 resultado do cruzamento de informa\u00e7\u00f5es relativas ao porte e ao desempenho financeiro de cada uma delas em seu respectivo setor. Dessa forma, este ranking classifica as empresas de acordo com o respectivo \u00edndice QI. A campe\u00e3 desta edi\u00e7\u00e3o \u00e9 a WEG Equipamentos, que atingiu a nota 99,60. Entre a primeira e a cent\u00e9sima colocada (a Copacol, com \u00edndice de 82,17) est\u00e1 a maioria delas que se destacaram como as tr\u00eas melhores de cada um dos 22 principais setores da economia analisados.<\/p>\n","protected":false},"excerpt":{"rendered":"<p>Aqui est\u00e3o as 100 companhias do Brasil que se destacaram segundo o Quadrante de Impacto Estad\u00e3o\/FIA (QI). Como consta da reportagem sobre a metodologia do estudo que fundamenta a publica\u00e7\u00e3o Estad\u00e3o Empresas Mais, esse \u00edndice \u00e9 resultado do cruzamento de informa\u00e7\u00f5es relativas ao porte e ao desempenho financeiro de cada uma delas em seu respectivo [&hellip;]<\/p>\n","protected":false},"author":4,"featured_media":22455,"parent":0,"menu_order":0,"comment_status":"closed","ping_status":"closed","template":"","meta":{"_acf_changed":false,"footnotes":""},"class_list":["post-20580","page","type-page","status-publish","has-post-thumbnail","hentry"],"acf":[],"_links":{"self":[{"href":"https:\/\/publicacoes.estadao.com.br\/empresasmais2017\/wp-json\/wp\/v2\/pages\/20580","targetHints":{"allow":["GET"]}}],"collection":[{"href":"https:\/\/publicacoes.estadao.com.br\/empresasmais2017\/wp-json\/wp\/v2\/pages"}],"about":[{"href":"https:\/\/publicacoes.estadao.com.br\/empresasmais2017\/wp-json\/wp\/v2\/types\/page"}],"author":[{"embeddable":true,"href":"https:\/\/publicacoes.estadao.com.br\/empresasmais2017\/wp-json\/wp\/v2\/users\/4"}],"replies":[{"embeddable":true,"href":"https:\/\/publicacoes.estadao.com.br\/empresasmais2017\/wp-json\/wp\/v2\/comments?post=20580"}],"version-history":[{"count":1,"href":"https:\/\/publicacoes.estadao.com.br\/empresasmais2017\/wp-json\/wp\/v2\/pages\/20580\/revisions"}],"predecessor-version":[{"id":22399,"href":"https:\/\/publicacoes.estadao.com.br\/empresasmais2017\/wp-json\/wp\/v2\/pages\/20580\/revisions\/22399"}],"wp:featuredmedia":[{"embeddable":true,"href":"https:\/\/publicacoes.estadao.com.br\/empresasmais2017\/wp-json\/wp\/v2\/media\/22455"}],"wp:attachment":[{"href":"https:\/\/publicacoes.estadao.com.br\/empresasmais2017\/wp-json\/wp\/v2\/media?parent=20580"}],"curies":[{"name":"wp","href":"https:\/\/api.w.org\/{rel}","templated":true}]}}