{"id":13,"date":"2017-09-14T18:11:59","date_gmt":"2017-09-14T21:11:59","guid":{"rendered":"http:\/\/localhost\/empresas-mais-2017\/wordpress\/?page_id=13"},"modified":"2017-09-27T17:30:16","modified_gmt":"2017-09-27T20:30:16","slug":"metodologia","status":"publish","type":"page","link":"https:\/\/publicacoes.estadao.com.br\/empresasmais2017\/metodologia\/","title":{"rendered":"Metodologia"},"content":{"rendered":"<p>Definir as empresas mais importantes n\u00e3o \u00e9 exatamente uma tarefa simples. Para chegar a um ranking claro e objetivo, \u00e9 necess\u00e1rio reunir bases de informa\u00e7\u00f5es hist\u00f3ricas, consolidar dados, ponderar os crit\u00e9rios mais relevantes e, ent\u00e3o, encontrar aquelas que n\u00e3o apenas s\u00e3o as maiores, mas tamb\u00e9m trazem melhor desempenho e consist\u00eancia de resultados nos \u00faltimos quatro anos. Para formular essa receita, O Estado de S. Paulo contou com a valiosa parceria da Funda\u00e7\u00e3o Instituto de Administra\u00e7\u00e3o (FIA), da Ag\u00eancia Broadcast e da Austin Rating, ag\u00eancia classificadora de riscos. Misturando as especialidades de cada um desses parceiros, foi poss\u00edvel estabelecer n\u00e3o apenas o ranking das 1.500 maiores empresas do Brasil, mas tamb\u00e9m aquelas que mais impactam seus setores, as chamadas companhias de alto impacto.<\/p>\n<p>Assim, as institui\u00e7\u00f5es que se destacam no ranking QI s\u00e3o as maiores e as de mais alto desempenho econ\u00f4mico em 2016. A m\u00e9trica de avalia\u00e7\u00e3o para cada empresa \u00e9 o Coeficiente de Impacto Econ\u00f4mico (CIE), que \u00e9 a pondera\u00e7\u00e3o de duas m\u00e9tricas com escala de 0 a 100:<\/p>\n<p><strong>Porte:<\/strong> indica a dimens\u00e3o da empresa no seu respectivo setor, derivada de tratamento<br \/>\nmatem\u00e1tico aplicado \u00e0s suas receitas e ativos;<\/p>\n<p><strong>Desempenho:<\/strong> aponta o desempenho econ\u00f4mico da empresa no seu respectivo setor, derivado de tratamento matem\u00e1tico aplicado ao retorno sobre os ativos e \u00e0 taxa anual de crescimento das receitas.<\/p>\n<h2><strong>Quadrante de alto impacto<\/strong><\/h2>\n<p>O gr\u00e1fico abaixo ilustra a distribui\u00e7\u00e3o das cerca de 100 empresas mais impactantes analisadas em termos de porte e desempenho. A maior \u00e1rea destacada no canto superior direito do gr\u00e1fico seleciona as corpora\u00e7\u00f5es com coeficiente de impacto maior ou igual a 80.<\/p>\n<p><img loading=\"lazy\" decoding=\"async\" class=\"alignnone size-large wp-image-22404\" src=\"http:\/\/publicacoes.estadao.com.br\/empresas-mais-2017\/wp-content\/uploads\/sites\/2\/2017\/09\/metodologia-1024x823.png\" alt=\"\" width=\"1024\" height=\"823\" srcset=\"https:\/\/publicacoes.estadao.com.br\/empresasmais2017\/wp-content\/uploads\/2017\/09\/metodologia-1024x823.png 1024w, https:\/\/publicacoes.estadao.com.br\/empresasmais2017\/wp-content\/uploads\/2017\/09\/metodologia-300x241.png 300w, https:\/\/publicacoes.estadao.com.br\/empresasmais2017\/wp-content\/uploads\/2017\/09\/metodologia-768x617.png 768w, https:\/\/publicacoes.estadao.com.br\/empresasmais2017\/wp-content\/uploads\/2017\/09\/metodologia.png 1047w\" sizes=\"auto, (max-width: 1024px) 100vw, 1024px\" \/><\/p>\n<p>As empresas avaliadas podem ter varia\u00e7\u00f5es sens\u00edveis em seu desempenho de um per\u00edodo para outro, o que se reflete em varia\u00e7\u00f5es nos indicadores para as quatro dimens\u00f5es referidas. Por este motivo, para os indicadores referentes a ativo, receitas, retorno sobre ativos e crescimento j\u00e1 expressos em centis, a metodologia prev\u00ea o c\u00e1lculo da m\u00e9dia ponderada dos valores obtidos para os \u00faltimos tr\u00eas anos, incorporando desta forma a considera\u00e7\u00e3o hist\u00f3rica sobre cada um deles, provendo consist\u00eancia temporal aos mesmos.<\/p>\n<h2><strong>Base de dados<\/strong><\/h2>\n<p>Foram utilizadas duas fontes de dados de empresas abertas e fechadas que atuam no mercado brasileiro, divididas em 22 segmentos econ\u00f4micos:<\/p>\n<p>1 Base de dados da Austin Rating;<br \/>\n2 Informa\u00e7\u00f5es de balan\u00e7o fornecidas diretamente pelas empresas<\/p>\n<p>\u00c9 importante refor\u00e7ar que, para efeito do ranking estabelecido pelo QI-Estad\u00e3o, s\u00f3 foram consideradas companhias que possu\u00edam todos os dados necess\u00e1rios dos \u00faltimos quatro anos \u2013 com informa\u00e7\u00f5es de desempenho dos anos de 2013 a 2016. Assim, \u00e9 poss\u00edvel avaliar a consist\u00eancia dos resultados no decorrer do tempo.<\/p>\n<p>A categoriza\u00e7\u00e3o das empresas por setores foi efetuada de acordo com a Classifica\u00e7\u00e3o Nacional das Atividades Econ\u00f4micas (CNAE) do IBGE, sendo associadas a cada um dos grupos. Esse crit\u00e9rio, entre outros pontos importantes, agrupa empresas que atuam dentro de perfis de tributa\u00e7\u00e3o semelhantes. Para melhor enquadramento, foram efetuados filtros na base de dados das empresas, procurando congregar da maneira mais coerente poss\u00edvel. Foram tamb\u00e9m desconsideradas companhias com faturamento anual inferior a R$ 100 milh\u00f5es, aquelas que n\u00e3o tinham informa\u00e7\u00f5es completas nos anos de 2013, 2014, 2015 e 2016. Tamb\u00e9m foram descartadas institui\u00e7\u00f5es com receitas ou ativos negativos ou cujo EBITDA negativo seja em termos absolutos maior do que o ativo.<\/p>\n","protected":false},"excerpt":{"rendered":"<p>Definir as empresas mais importantes n\u00e3o \u00e9 exatamente uma tarefa simples. Para chegar a um ranking claro e objetivo, \u00e9 necess\u00e1rio reunir bases de informa\u00e7\u00f5es hist\u00f3ricas, consolidar dados, ponderar os crit\u00e9rios mais relevantes e, ent\u00e3o, encontrar aquelas que n\u00e3o apenas s\u00e3o as maiores, mas tamb\u00e9m trazem melhor desempenho e consist\u00eancia de resultados nos \u00faltimos quatro [&hellip;]<\/p>\n","protected":false},"author":4,"featured_media":22458,"parent":0,"menu_order":0,"comment_status":"closed","ping_status":"closed","template":"","meta":{"_acf_changed":false,"footnotes":""},"class_list":["post-13","page","type-page","status-publish","has-post-thumbnail","hentry"],"acf":[],"_links":{"self":[{"href":"https:\/\/publicacoes.estadao.com.br\/empresasmais2017\/wp-json\/wp\/v2\/pages\/13","targetHints":{"allow":["GET"]}}],"collection":[{"href":"https:\/\/publicacoes.estadao.com.br\/empresasmais2017\/wp-json\/wp\/v2\/pages"}],"about":[{"href":"https:\/\/publicacoes.estadao.com.br\/empresasmais2017\/wp-json\/wp\/v2\/types\/page"}],"author":[{"embeddable":true,"href":"https:\/\/publicacoes.estadao.com.br\/empresasmais2017\/wp-json\/wp\/v2\/users\/4"}],"replies":[{"embeddable":true,"href":"https:\/\/publicacoes.estadao.com.br\/empresasmais2017\/wp-json\/wp\/v2\/comments?post=13"}],"version-history":[{"count":4,"href":"https:\/\/publicacoes.estadao.com.br\/empresasmais2017\/wp-json\/wp\/v2\/pages\/13\/revisions"}],"predecessor-version":[{"id":24119,"href":"https:\/\/publicacoes.estadao.com.br\/empresasmais2017\/wp-json\/wp\/v2\/pages\/13\/revisions\/24119"}],"wp:featuredmedia":[{"embeddable":true,"href":"https:\/\/publicacoes.estadao.com.br\/empresasmais2017\/wp-json\/wp\/v2\/media\/22458"}],"wp:attachment":[{"href":"https:\/\/publicacoes.estadao.com.br\/empresasmais2017\/wp-json\/wp\/v2\/media?parent=13"}],"curies":[{"name":"wp","href":"https:\/\/api.w.org\/{rel}","templated":true}]}}